{"id":184,"date":"2022-05-25T14:55:01","date_gmt":"2022-05-25T12:55:01","guid":{"rendered":"https:\/\/rc-jetprint.de\/datenschutzerklaerung\/"},"modified":"2026-02-03T12:48:08","modified_gmt":"2026-02-03T11:48:08","slug":"datenschutz","status":"publish","type":"page","link":"https:\/\/rc-jetprint.de\/de_de\/datenschutz\/","title":{"rendered":"Datenschutz"},"content":{"rendered":"\t\t<div data-elementor-type=\"wp-page\" data-elementor-id=\"184\" class=\"elementor elementor-184\" data-elementor-post-type=\"page\">\n\t\t\t\t\t\t<section class=\"elementor-section elementor-top-section elementor-element elementor-element-0ad8c52 elementor-section-full_width elementor-section-height-min-height elementor-section-height-default elementor-section-items-middle\" data-id=\"0ad8c52\" data-element_type=\"section\" data-e-type=\"section\" data-settings=\"{&quot;background_background&quot;:&quot;classic&quot;}\">\n\t\t\t\t\t\t<div class=\"elementor-container elementor-column-gap-no\">\n\t\t\t\t\t<div class=\"elementor-column elementor-col-100 elementor-top-column elementor-element elementor-element-05f241b\" data-id=\"05f241b\" data-element_type=\"column\" data-e-type=\"column\">\n\t\t\t<div class=\"elementor-widget-wrap elementor-element-populated\">\n\t\t\t\t\t\t<section class=\"elementor-section elementor-inner-section elementor-element elementor-element-70ca521 elementor-section-full_width elementor-section-height-min-height animated-slow elementor-section-height-default elementor-invisible\" data-id=\"70ca521\" data-element_type=\"section\" data-e-type=\"section\" data-settings=\"{&quot;animation&quot;:&quot;fadeInDown&quot;}\">\n\t\t\t\t\t\t\t<div class=\"elementor-background-overlay\"><\/div>\n\t\t\t\t\t\t\t<div class=\"elementor-container elementor-column-gap-wide\">\n\t\t\t\t\t<div class=\"elementor-column elementor-col-100 elementor-inner-column elementor-element elementor-element-c233b95\" data-id=\"c233b95\" data-element_type=\"column\" data-e-type=\"column\">\n\t\t\t<div class=\"elementor-widget-wrap elementor-element-populated\">\n\t\t\t\t\t\t<div class=\"elementor-element elementor-element-068a1d0 elementor-widget elementor-widget-heading\" data-id=\"068a1d0\" data-element_type=\"widget\" data-e-type=\"widget\" data-widget_type=\"heading.default\">\n\t\t\t\t<div class=\"elementor-widget-container\">\n\t\t\t\t\t<h2 class=\"elementor-heading-title elementor-size-default\">Datenschutz<\/h2>\t\t\t\t<\/div>\n\t\t\t\t<\/div>\n\t\t\t\t\t<\/div>\n\t\t<\/div>\n\t\t\t\t\t<\/div>\n\t\t<\/section>\n\t\t\t\t\t<\/div>\n\t\t<\/div>\n\t\t\t\t\t<\/div>\n\t\t<\/section>\n\t\t\t\t<section class=\"elementor-section elementor-top-section elementor-element elementor-element-99bf968 elementor-section-boxed elementor-section-height-default elementor-section-height-default\" data-id=\"99bf968\" data-element_type=\"section\" data-e-type=\"section\">\n\t\t\t\t\t\t<div class=\"elementor-container elementor-column-gap-default\">\n\t\t\t\t\t<div class=\"elementor-column elementor-col-100 elementor-top-column elementor-element elementor-element-9aa604f\" data-id=\"9aa604f\" data-element_type=\"column\" data-e-type=\"column\">\n\t\t\t<div class=\"elementor-widget-wrap elementor-element-populated\">\n\t\t\t\t\t\t<div class=\"elementor-element elementor-element-98a4b78 elementor-widget elementor-widget-heading\" data-id=\"98a4b78\" data-element_type=\"widget\" data-e-type=\"widget\" data-widget_type=\"heading.default\">\n\t\t\t\t<div class=\"elementor-widget-container\">\n\t\t\t\t\t<h4 class=\"elementor-heading-title elementor-size-default\">Datenschutzerkl\u00e4rung<\/h4>\t\t\t\t<\/div>\n\t\t\t\t<\/div>\n\t\t\t\t<div class=\"elementor-element elementor-element-b60980b elementor-widget elementor-widget-text-editor\" data-id=\"b60980b\" data-element_type=\"widget\" data-e-type=\"widget\" data-widget_type=\"text-editor.default\">\n\t\t\t\t<div class=\"elementor-widget-container\">\n\t\t\t\t\t\t\t\t\t<p>Verantwortlicher im Sinne der Datenschutzgesetze, insbesondere der EU-Datenschutzgrundverordnung (DSGVO), ist:<\/p><p><strong>RC-Jetprint<br \/><\/strong>E-Mail: <span style=\"text-decoration: underline;\"><span style=\"color: #0000ff;\"><a style=\"color: #0000ff; text-decoration: underline;\" href=\"mailto:info@RC-Jetprint.de\">info@RC-Jetprint.de<\/a><\/span><\/span><\/p><p><span style=\"color: #007188;\"><strong>1. Ihre Betroffenenrechte<\/strong><\/span><br \/>Unter den angegebenen Kontaktdaten unseres Datenschutzbeauftragten k\u00f6nnen Sie jederzeit folgende Rechte aus\u00fcben:<\/p><ul><li>Auskunft \u00fcber Ihre bei uns gespeicherten Daten und deren Verarbeitung (Art. 15 DSGVO),<\/li><li>Berichtigung unrichtiger personenbezogener Daten (Art. 16 DSGVO),<\/li><li>L\u00f6schung Ihrer bei uns gespeicherten Daten (Art. 17 DSGVO),<\/li><li>Einschr\u00e4nkung der Datenverarbeitung, sofern wir Ihre Daten aufgrund gesetzlicher Pflichten noch nicht l\u00f6schen d\u00fcrfen (Art. 18 DSGVO),<\/li><li>Widerspruch gegen die Verarbeitung Ihrer Daten bei uns (Art. 21 DSGVO) und Daten\u00fcbertragbarkeit, sofern Sie in die Datenverarbeitung eingewilligt haben oder einen Vertrag mit uns abgeschlossen haben (Art. 20 DSGVO).<\/li><\/ul><p>Sofern Sie uns eine Einwilligung erteilt haben, k\u00f6nnen Sie diese jederzeit mit Wirkung f\u00fcr die Zukunft widerrufen.<\/p><p>Sie k\u00f6nnen sich jederzeit mit einer Beschwerde an eine Aufsichtsbeh\u00f6rde wenden, z. B. an die zust\u00e4ndige Aufsichtsbeh\u00f6rde des Bundeslands Ihres Wohnsitzes oder an die f\u00fcr uns als verantwortliche Stelle zust\u00e4ndige Beh\u00f6rde.<\/p><p>Eine Liste der Aufsichtsbeh\u00f6rden (f\u00fcr den nicht\u00f6ffentlichen Bereich) mit Anschrift finden Sie unter: https:\/\/www.bfdi.bund.de\/DE\/Service\/Anschriften\/Laender\/Laender-node.html.<\/p><p><span style=\"color: #007188;\"><strong>2. Drittlandtransfer<\/strong><\/span><br \/>Es finden keine \u00dcbertragungen in Drittl\u00e4nder statt. Folgende Datenschutzgarantien liegen vor:<\/p><p>Standard-Vertragsklauseln<\/p><p><span style=\"color: #007188;\"><strong>3. Kontaktformular<\/strong><\/span><br \/>Die von Ihnen eingegebenen Daten werden zum Zweck der individuellen Kommunikation mit Ihnen gespeichert. Hierf\u00fcr ist die Angabe einer validen E-Mail-Adresse sowie Ihres Namens erforderlich. Diese dient der Zuordnung der Anfrage und der anschlie\u00dfenden Beantwortung derselben. Die Angabe weiterer Daten ist optional.<\/p><p><span style=\"color: #007188;\"><strong>4. Rechtsgrundlage<\/strong><\/span><br \/>Die Verarbeitung der in das Kontaktformular eingegebenen Daten erfolgt auf der Grundlage eines berechtigten Interesses (Art. 6 Abs. 1 lit. f DSGVO).<\/p><p>Durch Bereitstellung des Kontaktformulars m\u00f6chten wir Ihnen eine unkomplizierte Kontaktaufnahme erm\u00f6glichen. Ihre gemachten Angaben werden zum Zwecke der Bearbeitung der Anfrage sowie f\u00fcr m\u00f6gliche Anschlussfragen gespeichert.<\/p><p>Sofern Sie mit uns Kontakt aufnehmen, um ein Angebot zu erfragen, erfolgt die Verarbeitung der in das Kontaktformular eingegebenen Daten zur Durchf\u00fchrung vorvertraglicher Ma\u00dfnahmen (Art. 6 Abs. 1 lit. b DSGVO).<\/p><p><span style=\"color: #007188;\"><strong>5. Empf\u00e4nger<\/strong><\/span><br \/>Empf\u00e4nger der Daten sind ggf. Auftragsverarbeiter. Es finden keine \u00dcbertragungen in Drittl\u00e4nder statt. Folgende Datenschutzgarantien liegen vor:<\/p><p>Standard-Vertragsklauseln<\/p><p><span style=\"color: #007188;\"><strong>6. Speicherdauer<\/strong><\/span><br \/>Daten werden sp\u00e4testens 6 Monate nach Bearbeitung der Anfrage gel\u00f6scht. Sofern es zu einem Vertragsverh\u00e4ltnis kommt, unterliegen wir den gesetzlichen Aufbewahrungsfristen nach HGB und l\u00f6schen Ihre Daten nach Ablauf dieser Fristen.<\/p><p><span style=\"color: #007188;\"><strong>7. Bereitstellung vorgeschrieben oder erforderlich<\/strong><\/span><br \/>Die Bereitstellung Ihrer personenbezogenen Daten erfolgt freiwillig. Wir k\u00f6nnen Ihre Anfrage jedoch nur bearbeiten, sofern Sie uns Ihren Namen, Ihre E-Mail-Adresse und den Grund der Anfrage mitteilen.<\/p><p><span style=\"color: #007188;\"><strong>8. Eingebettete YouTube-Videos<\/strong><\/span><br \/>Auf unserer Website betten wir YouTube-Videos ein. Betreiber der entsprechenden Plugins ist die YouTube, LLC, 901 Cherry Ave., San Bruno, CA 94066, USA (nachfolgend \u201eYouTube\u201c). Die YouTube, LLC ist einer Tochtergesellschaft der Google LLC, 1600 Amphitheatre Pkwy, Mountain View, CA 94043, USA (nachfolgend \u201eGoogle\u201c). Wenn Sie eine Seite mit dem YouTube-Plugin besuchen, wird eine Verbindung zu Servern von YouTube hergestellt. Dabei wird YouTube mitgeteilt, welche Seiten Sie besuchen. Wenn Sie in Ihrem YouTube-Account eingeloggt sind, kann YouTube Ihr Surfverhalten Ihnen pers\u00f6nlich zuzuordnen. Dies verhindern Sie, indem Sie sich vorher aus Ihrem YouTube-Account ausloggen.<\/p><p>Wird ein YouTube-Video gestartet, setzt der Anbieter Cookies ein, die Hinweise \u00fcber das Nutzerverhalten sammeln.<\/p><p>Weitere Informationen zu Zweck und Umfang der Datenerhebung und ihrer Verarbeitung durch YouTube erhalten Sie in den Datenschutzerkl\u00e4rungen des Anbieters, Dort erhalten Sie auch weitere Informationen zu Ihren diesbez\u00fcglichen Rechten und Einstellungsm\u00f6glichkeiten zum Schutze Ihrer Privatsph\u00e4re (https:\/\/policies.google.com\/privacy).<\/p><p><span style=\"color: #007188;\"><strong>9. Widerruf der Einwilligung<\/strong><\/span><br \/>Vom Anbieter wird derzeit keine M\u00f6glichkeit f\u00fcr einen einfachen Opt-out oder ein Blockieren der Daten\u00fcbertragung angeboten. Wenn Sie eine Nachverfolgung Ihrer Aktivit\u00e4ten auf unserer Website verhindern wollen, widerrufen Sie bitte im Cookie-Consent-Tool Ihre Einwilligung f\u00fcr die entsprechende Cookie-Kategorie oder alle technisch nicht notwendigen Cookies und Daten\u00fcbertragungen. In diesem Fall k\u00f6nnen Sie unsere Website jedoch ggfs. nicht oder nur eingeschr\u00e4nkt nutzen.<\/p><p>Information \u00fcber Ihr Widerspruchsrecht nach Art. 21 DSGVO<\/p><p>Sie haben das Recht, aus Gr\u00fcnden, die sich aus Ihrer besonderen Situation ergeben, jederzeit gegen die Verarbeitung Sie betreffender personenbezogener Daten, die aufgrund Art. 6 Abs. 1 lit. f DSGVO (Datenverarbeitung auf der Grundlage einer Interessenabw\u00e4gung) erfolgt, Widerspruch einzulegen; dies gilt auch f\u00fcr ein auf diese Bestimmung gest\u00fctztes Profiling im Sinne von Art. 4 Nr. 4 DSGVO.<\/p><p>Legen Sie Widerspruch ein, werden wir Ihre personenbezogenen Daten nicht mehr verarbeiten, es sei denn, wir k\u00f6nnen zwingende schutzw\u00fcrdige Gr\u00fcnde f\u00fcr die Verarbeitung nachweisen, die Ihre Interessen, Rechte und Freiheiten \u00fcberwiegen, oder die Verarbeitung dient der Geltendmachung, Aus\u00fcbung oder Verteidigung von Rechtsanspr\u00fcchen.<\/p><p><span style=\"color: #007188;\"><strong>10. Empf\u00e4nger eines Widerspruchs ist<\/strong><\/span><\/p><p><strong>RC-Jetprint<\/strong><br \/>E-Mail: <span style=\"text-decoration: underline;\"><span style=\"color: #0000ff;\"><a style=\"color: #0000ff; text-decoration: underline;\" href=\"mailto:info@RC-Jetprint.de\">info@RC-Jetprint.de<\/a><\/span><\/span><\/p><p><span style=\"color: #007188;\"><strong>11. \u00c4nderung unserer Datenschutzbestimmungen<\/strong><\/span><br \/>Wir behalten uns vor, diese Datenschutzerkl\u00e4rung anzupassen, damit sie stets den aktuellen rechtlichen Anforderungen entspricht oder um \u00c4nderungen unserer Leistungen in der Datenschutzerkl\u00e4rung umzusetzen, z.B. bei der Einf\u00fchrung neuer Services. F\u00fcr Ihren erneuten Besuch gilt dann die neue Datenschutzerkl\u00e4rung.<\/p>\t\t\t\t\t\t\t\t<\/div>\n\t\t\t\t<\/div>\n\t\t\t\t\t<\/div>\n\t\t<\/div>\n\t\t\t\t\t<\/div>\n\t\t<\/section>\n\t\t\t\t<\/div>\n\t\t","protected":false},"excerpt":{"rendered":"<p>Datenschutz Datenschutzerkl\u00e4rung Verantwortlicher im Sinne der Datenschutzgesetze, insbesondere der EU-Datenschutzgrundverordnung (DSGVO), ist: RC-Jetprint E-Mail: info@RC-Jetprint.de 1. Ihre Betroffenenrechte Unter den angegebenen Kontaktdaten unseres Datenschutzbeauftragten k\u00f6nnen Sie jederzeit folgende Rechte aus\u00fcben: Auskunft \u00fcber Ihre bei uns gespeicherten Daten und deren Verarbeitung (Art. 15 DSGVO), Berichtigung unrichtiger personenbezogener Daten (Art. 16 DSGVO), L\u00f6schung Ihrer bei uns gespeicherten [&hellip;]<\/p>\n","protected":false},"author":1,"featured_media":678,"parent":0,"menu_order":0,"comment_status":"closed","ping_status":"closed","template":"elementor_header_footer","meta":{"footnotes":""},"class_list":["post-184","page","type-page","status-publish","has-post-thumbnail","hentry"],"yoast_head":"<!-- This site is optimized with the Yoast SEO plugin v27.3 - https:\/\/yoast.com\/product\/yoast-seo-wordpress\/ -->\n<title>Datenschutz - RC-Jetprint<\/title>\n<meta name=\"description\" content=\"Wir sind spezialisiert auf professionellen 3D Modellbau. - Neuartige Technologien im 3D Druck mit Leichtbau Filamenten erm\u00f6glichen uns Projekte, die einzigartig sind. - Projektfortschritte, sowie Build-Tutorials k\u00f6nnen live mitverfolgt werden. Nehmen Sie gerne Kontakt mit uns auf. - Ihr Team von RC-Jetprint\" \/>\n<meta name=\"robots\" content=\"index, follow, max-snippet:-1, max-image-preview:large, max-video-preview:-1\" \/>\n<link rel=\"canonical\" href=\"https:\/\/rc-jetprint.de\/de_de\/datenschutz\/\" \/>\n<meta property=\"og:locale\" content=\"de_DE\" \/>\n<meta property=\"og:type\" content=\"article\" \/>\n<meta property=\"og:title\" content=\"Datenschutz - RC-Jetprint\" \/>\n<meta property=\"og:description\" content=\"Wir sind spezialisiert auf professionellen 3D Modellbau. - Neuartige Technologien im 3D Druck mit Leichtbau Filamenten erm\u00f6glichen uns Projekte, die einzigartig sind. - Projektfortschritte, sowie Build-Tutorials k\u00f6nnen live mitverfolgt werden. Nehmen Sie gerne Kontakt mit uns auf. - Ihr Team von RC-Jetprint\" \/>\n<meta property=\"og:url\" content=\"https:\/\/rc-jetprint.de\/de_de\/datenschutz\/\" \/>\n<meta property=\"og:site_name\" content=\"RC-Jetprint\" \/>\n<meta property=\"article:modified_time\" content=\"2026-02-03T11:48:08+00:00\" \/>\n<meta property=\"og:image\" content=\"https:\/\/rc-jetprint.de\/wp-content\/uploads\/2022\/05\/IMG_0284.png\" \/>\n\t<meta property=\"og:image:width\" content=\"2732\" \/>\n\t<meta property=\"og:image:height\" content=\"2048\" \/>\n\t<meta property=\"og:image:type\" content=\"image\/png\" \/>\n<meta name=\"twitter:card\" content=\"summary_large_image\" \/>\n<meta name=\"twitter:label1\" content=\"Gesch\u00e4tzte Lesezeit\" \/>\n\t<meta name=\"twitter:data1\" content=\"5\u00a0Minuten\" \/>\n<script type=\"application\/ld+json\" class=\"yoast-schema-graph\">{\"@context\":\"https:\\\/\\\/schema.org\",\"@graph\":[{\"@type\":\"WebPage\",\"@id\":\"https:\\\/\\\/rc-jetprint.de\\\/datenschutz\\\/\",\"url\":\"https:\\\/\\\/rc-jetprint.de\\\/datenschutz\\\/\",\"name\":\"Datenschutz - RC-Jetprint\",\"isPartOf\":{\"@id\":\"https:\\\/\\\/rc-jetprint.de\\\/#website\"},\"primaryImageOfPage\":{\"@id\":\"https:\\\/\\\/rc-jetprint.de\\\/datenschutz\\\/#primaryimage\"},\"image\":{\"@id\":\"https:\\\/\\\/rc-jetprint.de\\\/datenschutz\\\/#primaryimage\"},\"thumbnailUrl\":\"https:\\\/\\\/rc-jetprint.de\\\/wp-content\\\/uploads\\\/2022\\\/05\\\/IMG_0284.png\",\"datePublished\":\"2022-05-25T12:55:01+00:00\",\"dateModified\":\"2026-02-03T11:48:08+00:00\",\"description\":\"Wir sind spezialisiert auf professionellen 3D Modellbau. - Neuartige Technologien im 3D Druck mit Leichtbau Filamenten erm\u00f6glichen uns Projekte, die einzigartig sind. - Projektfortschritte, sowie Build-Tutorials k\u00f6nnen live mitverfolgt werden. Nehmen Sie gerne Kontakt mit uns auf. - Ihr Team von RC-Jetprint\",\"breadcrumb\":{\"@id\":\"https:\\\/\\\/rc-jetprint.de\\\/datenschutz\\\/#breadcrumb\"},\"inLanguage\":\"de\",\"potentialAction\":[{\"@type\":\"ReadAction\",\"target\":[\"https:\\\/\\\/rc-jetprint.de\\\/datenschutz\\\/\"]}]},{\"@type\":\"ImageObject\",\"inLanguage\":\"de\",\"@id\":\"https:\\\/\\\/rc-jetprint.de\\\/datenschutz\\\/#primaryimage\",\"url\":\"https:\\\/\\\/rc-jetprint.de\\\/wp-content\\\/uploads\\\/2022\\\/05\\\/IMG_0284.png\",\"contentUrl\":\"https:\\\/\\\/rc-jetprint.de\\\/wp-content\\\/uploads\\\/2022\\\/05\\\/IMG_0284.png\",\"width\":2732,\"height\":2048,\"caption\":\"Logo\"},{\"@type\":\"BreadcrumbList\",\"@id\":\"https:\\\/\\\/rc-jetprint.de\\\/datenschutz\\\/#breadcrumb\",\"itemListElement\":[{\"@type\":\"ListItem\",\"position\":1,\"name\":\"Startseite\",\"item\":\"https:\\\/\\\/rc-jetprint.de\\\/\"},{\"@type\":\"ListItem\",\"position\":2,\"name\":\"Datenschutz\"}]},{\"@type\":\"WebSite\",\"@id\":\"https:\\\/\\\/rc-jetprint.de\\\/#website\",\"url\":\"https:\\\/\\\/rc-jetprint.de\\\/\",\"name\":\"RC-Jetprint\",\"description\":\"3D-prints of the next generation\",\"publisher\":{\"@id\":\"https:\\\/\\\/rc-jetprint.de\\\/#organization\"},\"potentialAction\":[{\"@type\":\"SearchAction\",\"target\":{\"@type\":\"EntryPoint\",\"urlTemplate\":\"https:\\\/\\\/rc-jetprint.de\\\/?s={search_term_string}\"},\"query-input\":{\"@type\":\"PropertyValueSpecification\",\"valueRequired\":true,\"valueName\":\"search_term_string\"}}],\"inLanguage\":\"de\"},{\"@type\":\"Organization\",\"@id\":\"https:\\\/\\\/rc-jetprint.de\\\/#organization\",\"name\":\"RC-Jetprint\",\"url\":\"https:\\\/\\\/rc-jetprint.de\\\/\",\"logo\":{\"@type\":\"ImageObject\",\"inLanguage\":\"de\",\"@id\":\"https:\\\/\\\/rc-jetprint.de\\\/#\\\/schema\\\/logo\\\/image\\\/\",\"url\":\"https:\\\/\\\/rc-jetprint.de\\\/wp-content\\\/uploads\\\/2022\\\/05\\\/RC-Jetprint_Favicon.jpg\",\"contentUrl\":\"https:\\\/\\\/rc-jetprint.de\\\/wp-content\\\/uploads\\\/2022\\\/05\\\/RC-Jetprint_Favicon.jpg\",\"width\":512,\"height\":457,\"caption\":\"RC-Jetprint\"},\"image\":{\"@id\":\"https:\\\/\\\/rc-jetprint.de\\\/#\\\/schema\\\/logo\\\/image\\\/\"}}]}<\/script>\n<!-- \/ Yoast SEO plugin. -->","yoast_head_json":{"title":"Datenschutz - RC-Jetprint","description":"Wir sind spezialisiert auf professionellen 3D Modellbau. - Neuartige Technologien im 3D Druck mit Leichtbau Filamenten erm\u00f6glichen uns Projekte, die einzigartig sind. - Projektfortschritte, sowie Build-Tutorials k\u00f6nnen live mitverfolgt werden. Nehmen Sie gerne Kontakt mit uns auf. - Ihr Team von RC-Jetprint","robots":{"index":"index","follow":"follow","max-snippet":"max-snippet:-1","max-image-preview":"max-image-preview:large","max-video-preview":"max-video-preview:-1"},"canonical":"https:\/\/rc-jetprint.de\/de_de\/datenschutz\/","og_locale":"de_DE","og_type":"article","og_title":"Datenschutz - RC-Jetprint","og_description":"Wir sind spezialisiert auf professionellen 3D Modellbau. - Neuartige Technologien im 3D Druck mit Leichtbau Filamenten erm\u00f6glichen uns Projekte, die einzigartig sind. - Projektfortschritte, sowie Build-Tutorials k\u00f6nnen live mitverfolgt werden. Nehmen Sie gerne Kontakt mit uns auf. - Ihr Team von RC-Jetprint","og_url":"https:\/\/rc-jetprint.de\/de_de\/datenschutz\/","og_site_name":"RC-Jetprint","article_modified_time":"2026-02-03T11:48:08+00:00","og_image":[{"width":2732,"height":2048,"url":"https:\/\/rc-jetprint.de\/wp-content\/uploads\/2022\/05\/IMG_0284.png","type":"image\/png"}],"twitter_card":"summary_large_image","twitter_misc":{"Gesch\u00e4tzte Lesezeit":"5\u00a0Minuten"},"schema":{"@context":"https:\/\/schema.org","@graph":[{"@type":"WebPage","@id":"https:\/\/rc-jetprint.de\/datenschutz\/","url":"https:\/\/rc-jetprint.de\/datenschutz\/","name":"Datenschutz - RC-Jetprint","isPartOf":{"@id":"https:\/\/rc-jetprint.de\/#website"},"primaryImageOfPage":{"@id":"https:\/\/rc-jetprint.de\/datenschutz\/#primaryimage"},"image":{"@id":"https:\/\/rc-jetprint.de\/datenschutz\/#primaryimage"},"thumbnailUrl":"https:\/\/rc-jetprint.de\/wp-content\/uploads\/2022\/05\/IMG_0284.png","datePublished":"2022-05-25T12:55:01+00:00","dateModified":"2026-02-03T11:48:08+00:00","description":"Wir sind spezialisiert auf professionellen 3D Modellbau. - Neuartige Technologien im 3D Druck mit Leichtbau Filamenten erm\u00f6glichen uns Projekte, die einzigartig sind. - Projektfortschritte, sowie Build-Tutorials k\u00f6nnen live mitverfolgt werden. Nehmen Sie gerne Kontakt mit uns auf. - Ihr Team von RC-Jetprint","breadcrumb":{"@id":"https:\/\/rc-jetprint.de\/datenschutz\/#breadcrumb"},"inLanguage":"de","potentialAction":[{"@type":"ReadAction","target":["https:\/\/rc-jetprint.de\/datenschutz\/"]}]},{"@type":"ImageObject","inLanguage":"de","@id":"https:\/\/rc-jetprint.de\/datenschutz\/#primaryimage","url":"https:\/\/rc-jetprint.de\/wp-content\/uploads\/2022\/05\/IMG_0284.png","contentUrl":"https:\/\/rc-jetprint.de\/wp-content\/uploads\/2022\/05\/IMG_0284.png","width":2732,"height":2048,"caption":"Logo"},{"@type":"BreadcrumbList","@id":"https:\/\/rc-jetprint.de\/datenschutz\/#breadcrumb","itemListElement":[{"@type":"ListItem","position":1,"name":"Startseite","item":"https:\/\/rc-jetprint.de\/"},{"@type":"ListItem","position":2,"name":"Datenschutz"}]},{"@type":"WebSite","@id":"https:\/\/rc-jetprint.de\/#website","url":"https:\/\/rc-jetprint.de\/","name":"RC-Jetprint","description":"3D-prints of the next generation","publisher":{"@id":"https:\/\/rc-jetprint.de\/#organization"},"potentialAction":[{"@type":"SearchAction","target":{"@type":"EntryPoint","urlTemplate":"https:\/\/rc-jetprint.de\/?s={search_term_string}"},"query-input":{"@type":"PropertyValueSpecification","valueRequired":true,"valueName":"search_term_string"}}],"inLanguage":"de"},{"@type":"Organization","@id":"https:\/\/rc-jetprint.de\/#organization","name":"RC-Jetprint","url":"https:\/\/rc-jetprint.de\/","logo":{"@type":"ImageObject","inLanguage":"de","@id":"https:\/\/rc-jetprint.de\/#\/schema\/logo\/image\/","url":"https:\/\/rc-jetprint.de\/wp-content\/uploads\/2022\/05\/RC-Jetprint_Favicon.jpg","contentUrl":"https:\/\/rc-jetprint.de\/wp-content\/uploads\/2022\/05\/RC-Jetprint_Favicon.jpg","width":512,"height":457,"caption":"RC-Jetprint"},"image":{"@id":"https:\/\/rc-jetprint.de\/#\/schema\/logo\/image\/"}}]}},"_links":{"self":[{"href":"https:\/\/rc-jetprint.de\/de_de\/wp-json\/wp\/v2\/pages\/184","targetHints":{"allow":["GET"]}}],"collection":[{"href":"https:\/\/rc-jetprint.de\/de_de\/wp-json\/wp\/v2\/pages"}],"about":[{"href":"https:\/\/rc-jetprint.de\/de_de\/wp-json\/wp\/v2\/types\/page"}],"author":[{"embeddable":true,"href":"https:\/\/rc-jetprint.de\/de_de\/wp-json\/wp\/v2\/users\/1"}],"replies":[{"embeddable":true,"href":"https:\/\/rc-jetprint.de\/de_de\/wp-json\/wp\/v2\/comments?post=184"}],"version-history":[{"count":33,"href":"https:\/\/rc-jetprint.de\/de_de\/wp-json\/wp\/v2\/pages\/184\/revisions"}],"predecessor-version":[{"id":3166,"href":"https:\/\/rc-jetprint.de\/de_de\/wp-json\/wp\/v2\/pages\/184\/revisions\/3166"}],"wp:featuredmedia":[{"embeddable":true,"href":"https:\/\/rc-jetprint.de\/de_de\/wp-json\/wp\/v2\/media\/678"}],"wp:attachment":[{"href":"https:\/\/rc-jetprint.de\/de_de\/wp-json\/wp\/v2\/media?parent=184"}],"curies":[{"name":"wp","href":"https:\/\/api.w.org\/{rel}","templated":true}]}}