{"id":185,"date":"2022-05-25T14:55:01","date_gmt":"2022-05-25T12:55:01","guid":{"rendered":"https:\/\/rc-jetprint.de\/impressum\/"},"modified":"2026-02-03T12:48:50","modified_gmt":"2026-02-03T11:48:50","slug":"impressum","status":"publish","type":"page","link":"https:\/\/rc-jetprint.de\/de_de\/impressum\/","title":{"rendered":"Impressum"},"content":{"rendered":"\t\t<div data-elementor-type=\"wp-page\" data-elementor-id=\"185\" class=\"elementor elementor-185\" data-elementor-post-type=\"page\">\n\t\t\t\t\t\t<section class=\"elementor-section elementor-top-section elementor-element elementor-element-5a6ed52b elementor-section-full_width elementor-section-height-min-height elementor-section-height-default elementor-section-items-middle\" data-id=\"5a6ed52b\" data-element_type=\"section\" data-e-type=\"section\" data-settings=\"{&quot;background_background&quot;:&quot;classic&quot;}\">\n\t\t\t\t\t\t<div class=\"elementor-container elementor-column-gap-no\">\n\t\t\t\t\t<div class=\"elementor-column elementor-col-100 elementor-top-column elementor-element elementor-element-4ec61503\" data-id=\"4ec61503\" data-element_type=\"column\" data-e-type=\"column\">\n\t\t\t<div class=\"elementor-widget-wrap elementor-element-populated\">\n\t\t\t\t\t\t<section class=\"elementor-section elementor-inner-section elementor-element elementor-element-12218d0 elementor-section-full_width elementor-section-height-min-height animated-slow elementor-section-height-default elementor-invisible\" data-id=\"12218d0\" data-element_type=\"section\" data-e-type=\"section\" data-settings=\"{&quot;animation&quot;:&quot;fadeInDown&quot;}\">\n\t\t\t\t\t\t\t<div class=\"elementor-background-overlay\"><\/div>\n\t\t\t\t\t\t\t<div class=\"elementor-container elementor-column-gap-wide\">\n\t\t\t\t\t<div class=\"elementor-column elementor-col-100 elementor-inner-column elementor-element elementor-element-31bfcee\" data-id=\"31bfcee\" data-element_type=\"column\" data-e-type=\"column\">\n\t\t\t<div class=\"elementor-widget-wrap elementor-element-populated\">\n\t\t\t\t\t\t<div class=\"elementor-element elementor-element-3b1c367 elementor-widget elementor-widget-heading\" data-id=\"3b1c367\" data-element_type=\"widget\" data-e-type=\"widget\" data-widget_type=\"heading.default\">\n\t\t\t\t<div class=\"elementor-widget-container\">\n\t\t\t\t\t<h2 class=\"elementor-heading-title elementor-size-default\">Impressum<\/h2>\t\t\t\t<\/div>\n\t\t\t\t<\/div>\n\t\t\t\t\t<\/div>\n\t\t<\/div>\n\t\t\t\t\t<\/div>\n\t\t<\/section>\n\t\t\t\t\t<\/div>\n\t\t<\/div>\n\t\t\t\t\t<\/div>\n\t\t<\/section>\n\t\t\t\t<section class=\"elementor-section elementor-top-section elementor-element elementor-element-532fab7 elementor-section-boxed elementor-section-height-default elementor-section-height-default\" data-id=\"532fab7\" data-element_type=\"section\" data-e-type=\"section\">\n\t\t\t\t\t\t<div class=\"elementor-container elementor-column-gap-default\">\n\t\t\t\t\t<div class=\"elementor-column elementor-col-100 elementor-top-column elementor-element elementor-element-4bf4e6e\" data-id=\"4bf4e6e\" data-element_type=\"column\" data-e-type=\"column\">\n\t\t\t<div class=\"elementor-widget-wrap elementor-element-populated\">\n\t\t\t\t\t\t<div class=\"elementor-element elementor-element-3728b65 elementor-widget elementor-widget-spacer\" data-id=\"3728b65\" data-element_type=\"widget\" data-e-type=\"widget\" data-widget_type=\"spacer.default\">\n\t\t\t\t<div class=\"elementor-widget-container\">\n\t\t\t\t\t\t\t<div class=\"elementor-spacer\">\n\t\t\t<div class=\"elementor-spacer-inner\"><\/div>\n\t\t<\/div>\n\t\t\t\t\t\t<\/div>\n\t\t\t\t<\/div>\n\t\t\t\t\t<\/div>\n\t\t<\/div>\n\t\t\t\t\t<\/div>\n\t\t<\/section>\n\t\t\t\t<section class=\"elementor-section elementor-top-section elementor-element elementor-element-a83324b elementor-section-boxed elementor-section-height-default elementor-section-height-default\" data-id=\"a83324b\" data-element_type=\"section\" data-e-type=\"section\">\n\t\t\t\t\t\t<div class=\"elementor-container elementor-column-gap-default\">\n\t\t\t\t\t<div class=\"elementor-column elementor-col-100 elementor-top-column elementor-element elementor-element-50036a2\" data-id=\"50036a2\" data-element_type=\"column\" data-e-type=\"column\">\n\t\t\t<div class=\"elementor-widget-wrap elementor-element-populated\">\n\t\t\t\t\t\t<div class=\"elementor-element elementor-element-c84ac15 elementor-widget elementor-widget-heading\" data-id=\"c84ac15\" data-element_type=\"widget\" data-e-type=\"widget\" data-widget_type=\"heading.default\">\n\t\t\t\t<div class=\"elementor-widget-container\">\n\t\t\t\t\t<h4 class=\"elementor-heading-title elementor-size-default\">Angaben gem\u00e4\u00df \u00a7 5 TMG<\/h4>\t\t\t\t<\/div>\n\t\t\t\t<\/div>\n\t\t\t\t\t<\/div>\n\t\t<\/div>\n\t\t\t\t\t<\/div>\n\t\t<\/section>\n\t\t\t\t<section class=\"elementor-section elementor-top-section elementor-element elementor-element-dd644c6 elementor-section-boxed elementor-section-height-default elementor-section-height-default\" data-id=\"dd644c6\" data-element_type=\"section\" data-e-type=\"section\">\n\t\t\t\t\t\t<div class=\"elementor-container elementor-column-gap-default\">\n\t\t\t\t\t<div class=\"elementor-column elementor-col-100 elementor-top-column elementor-element elementor-element-1ebc6fb\" data-id=\"1ebc6fb\" data-element_type=\"column\" data-e-type=\"column\">\n\t\t\t<div class=\"elementor-widget-wrap elementor-element-populated\">\n\t\t\t\t\t\t<div class=\"elementor-element elementor-element-57028be elementor-widget elementor-widget-text-editor\" data-id=\"57028be\" data-element_type=\"widget\" data-e-type=\"widget\" data-widget_type=\"text-editor.default\">\n\t\t\t\t<div class=\"elementor-widget-container\">\n\t\t\t\t\t\t\t\t\t<div id=\"comp-kypktxty\" class=\"_2Hij5\" data-testid=\"richTextElement\"><p class=\"font_8\"><strong>RC-Jetprint<\/strong><\/p><p class=\"font_8\">Inhaber: Andreas Siek<br \/>Uhlandstr. 42<br \/>32105 Bad Salzuflen<br \/>Deutschland<\/p><p class=\"font_8\"><span style=\"color: #007188;\"><strong>Kontakt<\/strong><\/span><\/p><p class=\"font_8\">Mobil<span class=\"color_15\">: <span style=\"color: #0000ff;\"><a style=\"color: #0000ff;\" href=\"tel:+491727310803\">+49 172 7310803<\/a><\/span><br \/><\/span><span class=\"color_15\">E-Mail: <span style=\"color: #0000ff;\"><span style=\"text-decoration: underline;\"><a style=\"color: #0000ff; text-decoration: underline;\" href=\"mailto:info@RC-Jetprint.de\">info@RC-Jetprint.de<\/a><\/span><br \/><\/span><\/span><span class=\"color_15\"><span style=\"color: #000000;\">Web: <span style=\"text-decoration: underline;\"><a href=\"mailto:www.rc-jetprint.de\"><span style=\"color: #0000ff; text-decoration: underline;\">www.rc-jetprint.de<\/span><\/a><\/span><\/span><\/span><\/p><p class=\"font_8\"><strong><span style=\"color: #007188;\">Zust\u00e4ndiges Finanzamt<\/span><br \/><\/strong>FA Detmold<\/p><p><strong><span style=\"color: #007188;\">Steuernummer<\/span><br \/><\/strong>DE31353783226<\/p><p class=\"font_8\"><strong><span style=\"color: #007188;\">Redaktionell Verantwortlicher<\/span><br \/><\/strong>Andreas Siek<br \/>Uhlandstr. 42<br \/>32105 Bad Salzuflen<\/p><p class=\"font_8\"><strong><span style=\"color: #007188;\">Grafische Umsetzung\/ Webdesign<\/span><br \/><\/strong>Agentur Design<br \/>Web: <span style=\"text-decoration: underline; color: #0000ff;\"><a style=\"color: #0000ff; text-decoration: underline;\" href=\"http:\/\/www.agentur-design.com\">www.agentur-design.com<\/a><\/span><\/p><p class=\"font_8\"><strong><span style=\"color: #007188;\">EU-Streitschlichtung<\/span><br \/><\/strong>Die Europ\u00e4ische Kommission stellt eine Plattform zur Online-Streitbeilegung (OS) bereit:\u00a0<a href=\"https:\/\/ec.europa.eu\/consumers\/odr.\" target=\"_blank\" rel=\"noopener\" data-auto-recognition=\"true\">https:\/\/ec.europa.eu\/consumers\/odr.<\/a><br \/>Unsere E-Mail-Adresse finden Sie oben im Impressum.\u00a0<\/p><\/div><div id=\"comp-kypl0oaj\" class=\"XUUsC\" data-angle=\"0\" data-angle-style-location=\"style\" data-screen-in-hide=\"done\"><div class=\"xQ_iF\" data-testid=\"linkElement\">Verbraucherstreitbeilegung\/Universalschlichtungsstelle\u00a0<\/div><\/div><div id=\"comp-kg94vov0\" class=\"_2Hij5\" data-testid=\"richTextElement\"><p class=\"font_8\">Wir sind nicht bereit oder verpflichtet, an Streitbeilegungsverfahren vor einer Verbraucherschlichtungsstelle teilzunehmen.\u00a0<\/p><p class=\"font_8\"><span style=\"color: #007188;\"><strong>Haftung f\u00fcr Inhalte\u00a0<br \/><\/strong><\/span>Als Diensteanbieter sind wir gem\u00e4\u00df \u00a7 7 Abs.1 TMG f\u00fcr eigene Inhalte auf diesen Seiten nach den allgemeinen Gesetzen verantwortlich. Nach \u00a7\u00a7 8 bis 10 TMG sind wir als Diensteanbieter jedoch nicht verpflichtet, \u00fcbermittelte oder gespeicherte fremde Informationen zu \u00fcberwachen oder nach Umst\u00e4nden zu forschen, die auf eine rechtswidrige T\u00e4tigkeit hinweisen.\u00a0<\/p><p class=\"font_8\">Verpflichtungen zur Entfernung oder Sperrung der Nutzung von Informationen nach den allgemeinen Gesetzen bleiben hiervon unber\u00fchrt. Eine diesbez\u00fcgliche Haftung ist jedoch erst ab dem Zeitpunkt der Kenntnis einer konkreten Rechtsverletzung m\u00f6glich. Bei Bekanntwerden von entsprechenden Rechtsverletzungen werden wir diese Inhalte umgehend entfernen.\u00a0<\/p><p class=\"font_8\"><strong><span style=\"color: #007188;\">Haftung f\u00fcr Links\u00a0<\/span><br \/><\/strong>Unser Angebot enth\u00e4lt Links zu externen Websites Dritter, auf deren Inhalte wir keinen Einfluss haben. Deshalb k\u00f6nnen wir f\u00fcr diese fremden Inhalte auch keine Gew\u00e4hr \u00fcbernehmen. F\u00fcr die Inhalte der verlinkten Seiten ist stets der jeweilige Anbieter oder Betreiber der Seiten verantwortlich. Die verlinkten Seiten wurden zum Zeitpunkt der Verlinkung auf m\u00f6gliche Rechtsverst\u00f6\u00dfe \u00fcberpr\u00fcft. Rechtswidrige Inhalte waren zum Zeitpunkt der Verlinkung nicht erkennbar.\u00a0<\/p><p class=\"font_8\">Eine permanente inhaltliche Kontrolle der verlinkten Seiten ist jedoch ohne konkrete Anhaltspunkte einer Rechtsverletzung nicht zumutbar. Bei Bekanntwerden von Rechtsverletzungen werden wir derartige Links umgehend entfernen.\u00a0<\/p><p class=\"font_8\"><span style=\"color: #007188;\"><strong>Urheberrecht\u00a0<\/strong><\/span><br \/>Die durch die Seitenbetreiber erstellten Inhalte und Werke auf diesen Seiten unterliegen dem deutschen Urheberrecht. Die Vervielf\u00e4ltigung, Bearbeitung, Verbreitung und jede Art der Verwertung au\u00dferhalb der Grenzen des Urheberrechtes bed\u00fcrfen der schriftlichen Zustimmung des jeweiligen Autors bzw. Erstellers. Downloads und Kopien dieser Seite sind nur f\u00fcr den privaten, nicht kommerziellen Gebrauch gestattet.\u00a0<\/p><p class=\"font_8\">Soweit die Inhalte auf dieser Seite nicht vom Betreiber erstellt wurden, werden die Urheberrechte Dritter beachtet. Insbesondere werden Inhalte Dritter als solche gekennzeichnet. Sollten Sie trotzdem auf eine Urheberrechtsverletzung aufmerksam werden, bitten wir um einen entsprechenden Hinweis. Bei Bekanntwerden von Rechtsverletzungen werden wir derartige Inhalte umgehend entfernen.\u00a0<\/p><p class=\"font_8\"><span style=\"color: #007188;\"><strong>Quelle<\/strong><\/span><br \/><span style=\"text-decoration: underline; color: #0000ff;\"><a style=\"color: #0000ff; text-decoration: underline;\" href=\"https:\/\/www.e-recht24.de\/\" target=\"_blank\" rel=\"noreferrer noopener\">www.e-recht24.de<\/a><\/span><\/p><\/div>\t\t\t\t\t\t\t\t<\/div>\n\t\t\t\t<\/div>\n\t\t\t\t\t<\/div>\n\t\t<\/div>\n\t\t\t\t\t<\/div>\n\t\t<\/section>\n\t\t\t\t<\/div>\n\t\t","protected":false},"excerpt":{"rendered":"<p>Impressum Angaben gem\u00e4\u00df \u00a7 5 TMG RC-Jetprint Inhaber: Andreas SiekUhlandstr. 4232105 Bad SalzuflenDeutschland Kontakt Mobil: +49 172 7310803E-Mail: info@RC-Jetprint.deWeb: www.rc-jetprint.de Zust\u00e4ndiges FinanzamtFA Detmold SteuernummerDE31353783226 Redaktionell VerantwortlicherAndreas SiekUhlandstr. 4232105 Bad Salzuflen Grafische Umsetzung\/ WebdesignAgentur DesignWeb: www.agentur-design.com EU-StreitschlichtungDie Europ\u00e4ische Kommission stellt eine Plattform zur Online-Streitbeilegung (OS) bereit:\u00a0https:\/\/ec.europa.eu\/consumers\/odr.Unsere E-Mail-Adresse finden Sie oben im Impressum.\u00a0 Verbraucherstreitbeilegung\/Universalschlichtungsstelle\u00a0 Wir sind nicht [&hellip;]<\/p>\n","protected":false},"author":1,"featured_media":681,"parent":0,"menu_order":0,"comment_status":"closed","ping_status":"closed","template":"elementor_header_footer","meta":{"footnotes":""},"class_list":["post-185","page","type-page","status-publish","has-post-thumbnail","hentry"],"yoast_head":"<!-- This site is optimized with the Yoast SEO plugin v27.3 - https:\/\/yoast.com\/product\/yoast-seo-wordpress\/ -->\n<title>Impressum - RC-Jetprint<\/title>\n<meta name=\"description\" content=\"Wir sind spezialisiert auf professionellen 3D Modellbau. - Neuartige Technologien im 3D Druck mit Leichtbau Filamenten erm\u00f6glichen uns Projekte, die einzigartig sind. - Projektfortschritte, sowie Build-Tutorials k\u00f6nnen live mitverfolgt werden. Nehmen Sie gerne Kontakt mit uns auf. - Ihr Team von RC-Jetprint\" \/>\n<meta name=\"robots\" content=\"index, follow, max-snippet:-1, max-image-preview:large, max-video-preview:-1\" \/>\n<link rel=\"canonical\" href=\"https:\/\/rc-jetprint.de\/de_de\/impressum\/\" \/>\n<meta property=\"og:locale\" content=\"de_DE\" \/>\n<meta property=\"og:type\" content=\"article\" \/>\n<meta property=\"og:title\" content=\"Impressum - RC-Jetprint\" \/>\n<meta property=\"og:description\" content=\"Wir sind spezialisiert auf professionellen 3D Modellbau. - Neuartige Technologien im 3D Druck mit Leichtbau Filamenten erm\u00f6glichen uns Projekte, die einzigartig sind. - Projektfortschritte, sowie Build-Tutorials k\u00f6nnen live mitverfolgt werden. Nehmen Sie gerne Kontakt mit uns auf. - Ihr Team von RC-Jetprint\" \/>\n<meta property=\"og:url\" content=\"https:\/\/rc-jetprint.de\/de_de\/impressum\/\" \/>\n<meta property=\"og:site_name\" content=\"RC-Jetprint\" \/>\n<meta property=\"article:modified_time\" content=\"2026-02-03T11:48:50+00:00\" \/>\n<meta property=\"og:image\" content=\"https:\/\/rc-jetprint.de\/wp-content\/uploads\/2022\/05\/Logo_klein.png\" \/>\n\t<meta property=\"og:image:width\" content=\"820\" \/>\n\t<meta property=\"og:image:height\" content=\"615\" \/>\n\t<meta property=\"og:image:type\" content=\"image\/png\" \/>\n<meta name=\"twitter:card\" content=\"summary_large_image\" \/>\n<meta name=\"twitter:label1\" content=\"Gesch\u00e4tzte Lesezeit\" \/>\n\t<meta name=\"twitter:data1\" content=\"3\u00a0Minuten\" \/>\n<script type=\"application\/ld+json\" class=\"yoast-schema-graph\">{\"@context\":\"https:\\\/\\\/schema.org\",\"@graph\":[{\"@type\":\"WebPage\",\"@id\":\"https:\\\/\\\/rc-jetprint.de\\\/impressum\\\/\",\"url\":\"https:\\\/\\\/rc-jetprint.de\\\/impressum\\\/\",\"name\":\"Impressum - RC-Jetprint\",\"isPartOf\":{\"@id\":\"https:\\\/\\\/rc-jetprint.de\\\/#website\"},\"primaryImageOfPage\":{\"@id\":\"https:\\\/\\\/rc-jetprint.de\\\/impressum\\\/#primaryimage\"},\"image\":{\"@id\":\"https:\\\/\\\/rc-jetprint.de\\\/impressum\\\/#primaryimage\"},\"thumbnailUrl\":\"https:\\\/\\\/rc-jetprint.de\\\/wp-content\\\/uploads\\\/2022\\\/05\\\/Logo_klein.png\",\"datePublished\":\"2022-05-25T12:55:01+00:00\",\"dateModified\":\"2026-02-03T11:48:50+00:00\",\"description\":\"Wir sind spezialisiert auf professionellen 3D Modellbau. - Neuartige Technologien im 3D Druck mit Leichtbau Filamenten erm\u00f6glichen uns Projekte, die einzigartig sind. - Projektfortschritte, sowie Build-Tutorials k\u00f6nnen live mitverfolgt werden. Nehmen Sie gerne Kontakt mit uns auf. - Ihr Team von RC-Jetprint\",\"breadcrumb\":{\"@id\":\"https:\\\/\\\/rc-jetprint.de\\\/impressum\\\/#breadcrumb\"},\"inLanguage\":\"de\",\"potentialAction\":[{\"@type\":\"ReadAction\",\"target\":[\"https:\\\/\\\/rc-jetprint.de\\\/impressum\\\/\"]}]},{\"@type\":\"ImageObject\",\"inLanguage\":\"de\",\"@id\":\"https:\\\/\\\/rc-jetprint.de\\\/impressum\\\/#primaryimage\",\"url\":\"https:\\\/\\\/rc-jetprint.de\\\/wp-content\\\/uploads\\\/2022\\\/05\\\/Logo_klein.png\",\"contentUrl\":\"https:\\\/\\\/rc-jetprint.de\\\/wp-content\\\/uploads\\\/2022\\\/05\\\/Logo_klein.png\",\"width\":820,\"height\":615,\"caption\":\"Logo\"},{\"@type\":\"BreadcrumbList\",\"@id\":\"https:\\\/\\\/rc-jetprint.de\\\/impressum\\\/#breadcrumb\",\"itemListElement\":[{\"@type\":\"ListItem\",\"position\":1,\"name\":\"Startseite\",\"item\":\"https:\\\/\\\/rc-jetprint.de\\\/\"},{\"@type\":\"ListItem\",\"position\":2,\"name\":\"Impressum\"}]},{\"@type\":\"WebSite\",\"@id\":\"https:\\\/\\\/rc-jetprint.de\\\/#website\",\"url\":\"https:\\\/\\\/rc-jetprint.de\\\/\",\"name\":\"RC-Jetprint\",\"description\":\"3D-prints of the next generation\",\"publisher\":{\"@id\":\"https:\\\/\\\/rc-jetprint.de\\\/#organization\"},\"potentialAction\":[{\"@type\":\"SearchAction\",\"target\":{\"@type\":\"EntryPoint\",\"urlTemplate\":\"https:\\\/\\\/rc-jetprint.de\\\/?s={search_term_string}\"},\"query-input\":{\"@type\":\"PropertyValueSpecification\",\"valueRequired\":true,\"valueName\":\"search_term_string\"}}],\"inLanguage\":\"de\"},{\"@type\":\"Organization\",\"@id\":\"https:\\\/\\\/rc-jetprint.de\\\/#organization\",\"name\":\"RC-Jetprint\",\"url\":\"https:\\\/\\\/rc-jetprint.de\\\/\",\"logo\":{\"@type\":\"ImageObject\",\"inLanguage\":\"de\",\"@id\":\"https:\\\/\\\/rc-jetprint.de\\\/#\\\/schema\\\/logo\\\/image\\\/\",\"url\":\"https:\\\/\\\/rc-jetprint.de\\\/wp-content\\\/uploads\\\/2022\\\/05\\\/RC-Jetprint_Favicon.jpg\",\"contentUrl\":\"https:\\\/\\\/rc-jetprint.de\\\/wp-content\\\/uploads\\\/2022\\\/05\\\/RC-Jetprint_Favicon.jpg\",\"width\":512,\"height\":457,\"caption\":\"RC-Jetprint\"},\"image\":{\"@id\":\"https:\\\/\\\/rc-jetprint.de\\\/#\\\/schema\\\/logo\\\/image\\\/\"}}]}<\/script>\n<!-- \/ Yoast SEO plugin. -->","yoast_head_json":{"title":"Impressum - RC-Jetprint","description":"Wir sind spezialisiert auf professionellen 3D Modellbau. - Neuartige Technologien im 3D Druck mit Leichtbau Filamenten erm\u00f6glichen uns Projekte, die einzigartig sind. - Projektfortschritte, sowie Build-Tutorials k\u00f6nnen live mitverfolgt werden. Nehmen Sie gerne Kontakt mit uns auf. - Ihr Team von RC-Jetprint","robots":{"index":"index","follow":"follow","max-snippet":"max-snippet:-1","max-image-preview":"max-image-preview:large","max-video-preview":"max-video-preview:-1"},"canonical":"https:\/\/rc-jetprint.de\/de_de\/impressum\/","og_locale":"de_DE","og_type":"article","og_title":"Impressum - RC-Jetprint","og_description":"Wir sind spezialisiert auf professionellen 3D Modellbau. - Neuartige Technologien im 3D Druck mit Leichtbau Filamenten erm\u00f6glichen uns Projekte, die einzigartig sind. - Projektfortschritte, sowie Build-Tutorials k\u00f6nnen live mitverfolgt werden. Nehmen Sie gerne Kontakt mit uns auf. - Ihr Team von RC-Jetprint","og_url":"https:\/\/rc-jetprint.de\/de_de\/impressum\/","og_site_name":"RC-Jetprint","article_modified_time":"2026-02-03T11:48:50+00:00","og_image":[{"width":820,"height":615,"url":"https:\/\/rc-jetprint.de\/wp-content\/uploads\/2022\/05\/Logo_klein.png","type":"image\/png"}],"twitter_card":"summary_large_image","twitter_misc":{"Gesch\u00e4tzte Lesezeit":"3\u00a0Minuten"},"schema":{"@context":"https:\/\/schema.org","@graph":[{"@type":"WebPage","@id":"https:\/\/rc-jetprint.de\/impressum\/","url":"https:\/\/rc-jetprint.de\/impressum\/","name":"Impressum - RC-Jetprint","isPartOf":{"@id":"https:\/\/rc-jetprint.de\/#website"},"primaryImageOfPage":{"@id":"https:\/\/rc-jetprint.de\/impressum\/#primaryimage"},"image":{"@id":"https:\/\/rc-jetprint.de\/impressum\/#primaryimage"},"thumbnailUrl":"https:\/\/rc-jetprint.de\/wp-content\/uploads\/2022\/05\/Logo_klein.png","datePublished":"2022-05-25T12:55:01+00:00","dateModified":"2026-02-03T11:48:50+00:00","description":"Wir sind spezialisiert auf professionellen 3D Modellbau. - Neuartige Technologien im 3D Druck mit Leichtbau Filamenten erm\u00f6glichen uns Projekte, die einzigartig sind. - Projektfortschritte, sowie Build-Tutorials k\u00f6nnen live mitverfolgt werden. Nehmen Sie gerne Kontakt mit uns auf. - Ihr Team von RC-Jetprint","breadcrumb":{"@id":"https:\/\/rc-jetprint.de\/impressum\/#breadcrumb"},"inLanguage":"de","potentialAction":[{"@type":"ReadAction","target":["https:\/\/rc-jetprint.de\/impressum\/"]}]},{"@type":"ImageObject","inLanguage":"de","@id":"https:\/\/rc-jetprint.de\/impressum\/#primaryimage","url":"https:\/\/rc-jetprint.de\/wp-content\/uploads\/2022\/05\/Logo_klein.png","contentUrl":"https:\/\/rc-jetprint.de\/wp-content\/uploads\/2022\/05\/Logo_klein.png","width":820,"height":615,"caption":"Logo"},{"@type":"BreadcrumbList","@id":"https:\/\/rc-jetprint.de\/impressum\/#breadcrumb","itemListElement":[{"@type":"ListItem","position":1,"name":"Startseite","item":"https:\/\/rc-jetprint.de\/"},{"@type":"ListItem","position":2,"name":"Impressum"}]},{"@type":"WebSite","@id":"https:\/\/rc-jetprint.de\/#website","url":"https:\/\/rc-jetprint.de\/","name":"RC-Jetprint","description":"3D-prints of the next generation","publisher":{"@id":"https:\/\/rc-jetprint.de\/#organization"},"potentialAction":[{"@type":"SearchAction","target":{"@type":"EntryPoint","urlTemplate":"https:\/\/rc-jetprint.de\/?s={search_term_string}"},"query-input":{"@type":"PropertyValueSpecification","valueRequired":true,"valueName":"search_term_string"}}],"inLanguage":"de"},{"@type":"Organization","@id":"https:\/\/rc-jetprint.de\/#organization","name":"RC-Jetprint","url":"https:\/\/rc-jetprint.de\/","logo":{"@type":"ImageObject","inLanguage":"de","@id":"https:\/\/rc-jetprint.de\/#\/schema\/logo\/image\/","url":"https:\/\/rc-jetprint.de\/wp-content\/uploads\/2022\/05\/RC-Jetprint_Favicon.jpg","contentUrl":"https:\/\/rc-jetprint.de\/wp-content\/uploads\/2022\/05\/RC-Jetprint_Favicon.jpg","width":512,"height":457,"caption":"RC-Jetprint"},"image":{"@id":"https:\/\/rc-jetprint.de\/#\/schema\/logo\/image\/"}}]}},"_links":{"self":[{"href":"https:\/\/rc-jetprint.de\/de_de\/wp-json\/wp\/v2\/pages\/185","targetHints":{"allow":["GET"]}}],"collection":[{"href":"https:\/\/rc-jetprint.de\/de_de\/wp-json\/wp\/v2\/pages"}],"about":[{"href":"https:\/\/rc-jetprint.de\/de_de\/wp-json\/wp\/v2\/types\/page"}],"author":[{"embeddable":true,"href":"https:\/\/rc-jetprint.de\/de_de\/wp-json\/wp\/v2\/users\/1"}],"replies":[{"embeddable":true,"href":"https:\/\/rc-jetprint.de\/de_de\/wp-json\/wp\/v2\/comments?post=185"}],"version-history":[{"count":107,"href":"https:\/\/rc-jetprint.de\/de_de\/wp-json\/wp\/v2\/pages\/185\/revisions"}],"predecessor-version":[{"id":8617,"href":"https:\/\/rc-jetprint.de\/de_de\/wp-json\/wp\/v2\/pages\/185\/revisions\/8617"}],"wp:featuredmedia":[{"embeddable":true,"href":"https:\/\/rc-jetprint.de\/de_de\/wp-json\/wp\/v2\/media\/681"}],"wp:attachment":[{"href":"https:\/\/rc-jetprint.de\/de_de\/wp-json\/wp\/v2\/media?parent=185"}],"curies":[{"name":"wp","href":"https:\/\/api.w.org\/{rel}","templated":true}]}}