{"id":2411,"date":"2022-06-05T12:45:30","date_gmt":"2022-06-05T10:45:30","guid":{"rendered":"https:\/\/rc-jetprint.de\/?page_id=2411"},"modified":"2023-05-15T18:06:22","modified_gmt":"2023-05-15T16:06:22","slug":"widerrufsbestimmungen","status":"publish","type":"page","link":"https:\/\/rc-jetprint.de\/de_de\/widerrufsbestimmungen\/","title":{"rendered":"Widerrufsbestimmungen"},"content":{"rendered":"\t\t<div data-elementor-type=\"wp-page\" data-elementor-id=\"2411\" class=\"elementor elementor-2411\" data-elementor-post-type=\"page\">\n\t\t\t\t\t\t<section class=\"elementor-section elementor-top-section elementor-element elementor-element-74d13df elementor-section-full_width elementor-section-height-min-height elementor-section-height-default elementor-section-items-middle\" data-id=\"74d13df\" data-element_type=\"section\" data-e-type=\"section\" data-settings=\"{&quot;background_background&quot;:&quot;classic&quot;}\">\n\t\t\t\t\t\t<div class=\"elementor-container elementor-column-gap-no\">\n\t\t\t\t\t<div class=\"elementor-column elementor-col-100 elementor-top-column elementor-element elementor-element-ed84dcf\" data-id=\"ed84dcf\" data-element_type=\"column\" data-e-type=\"column\">\n\t\t\t<div class=\"elementor-widget-wrap elementor-element-populated\">\n\t\t\t\t\t\t<section class=\"elementor-section elementor-inner-section elementor-element elementor-element-56270d6 elementor-section-full_width elementor-section-height-min-height animated-slow elementor-section-height-default elementor-invisible\" data-id=\"56270d6\" data-element_type=\"section\" data-e-type=\"section\" data-settings=\"{&quot;background_background&quot;:&quot;classic&quot;,&quot;animation&quot;:&quot;fadeInDown&quot;}\">\n\t\t\t\t\t\t\t<div class=\"elementor-background-overlay\"><\/div>\n\t\t\t\t\t\t\t<div class=\"elementor-container elementor-column-gap-wider\">\n\t\t\t\t\t<div class=\"elementor-column elementor-col-100 elementor-inner-column elementor-element elementor-element-76de61a\" data-id=\"76de61a\" data-element_type=\"column\" data-e-type=\"column\">\n\t\t\t<div class=\"elementor-widget-wrap elementor-element-populated\">\n\t\t\t\t\t\t<div class=\"elementor-element elementor-element-97cd350 animated-slow elementor-widget elementor-widget-heading\" data-id=\"97cd350\" data-element_type=\"widget\" data-e-type=\"widget\" data-settings=\"{&quot;_animation&quot;:&quot;none&quot;}\" data-widget_type=\"heading.default\">\n\t\t\t\t<div class=\"elementor-widget-container\">\n\t\t\t\t\t<h2 class=\"elementor-heading-title elementor-size-default\">Widerrufsbestimmungen<\/h2>\t\t\t\t<\/div>\n\t\t\t\t<\/div>\n\t\t\t\t\t<\/div>\n\t\t<\/div>\n\t\t\t\t\t<\/div>\n\t\t<\/section>\n\t\t\t\t\t<\/div>\n\t\t<\/div>\n\t\t\t\t\t<\/div>\n\t\t<\/section>\n\t\t\t\t<section class=\"elementor-section elementor-top-section elementor-element elementor-element-b64fa72 elementor-section-boxed elementor-section-height-default elementor-section-height-default\" data-id=\"b64fa72\" data-element_type=\"section\" data-e-type=\"section\">\n\t\t\t\t\t\t<div class=\"elementor-container elementor-column-gap-default\">\n\t\t\t\t\t<div class=\"elementor-column elementor-col-100 elementor-top-column elementor-element elementor-element-e958965\" data-id=\"e958965\" data-element_type=\"column\" data-e-type=\"column\">\n\t\t\t<div class=\"elementor-widget-wrap elementor-element-populated\">\n\t\t\t\t\t\t<div class=\"elementor-element elementor-element-0acbdca elementor-widget elementor-widget-spacer\" data-id=\"0acbdca\" data-element_type=\"widget\" data-e-type=\"widget\" data-widget_type=\"spacer.default\">\n\t\t\t\t<div class=\"elementor-widget-container\">\n\t\t\t\t\t\t\t<div class=\"elementor-spacer\">\n\t\t\t<div class=\"elementor-spacer-inner\"><\/div>\n\t\t<\/div>\n\t\t\t\t\t\t<\/div>\n\t\t\t\t<\/div>\n\t\t\t\t\t<\/div>\n\t\t<\/div>\n\t\t\t\t\t<\/div>\n\t\t<\/section>\n\t\t\t\t<section class=\"elementor-section elementor-top-section elementor-element elementor-element-1114ebe elementor-section-boxed elementor-section-height-default elementor-section-height-default\" data-id=\"1114ebe\" data-element_type=\"section\" data-e-type=\"section\">\n\t\t\t\t\t\t<div class=\"elementor-container elementor-column-gap-default\">\n\t\t\t\t\t<div class=\"elementor-column elementor-col-100 elementor-top-column elementor-element elementor-element-05059c3\" data-id=\"05059c3\" data-element_type=\"column\" data-e-type=\"column\">\n\t\t\t<div class=\"elementor-widget-wrap elementor-element-populated\">\n\t\t\t\t\t\t<div class=\"elementor-element elementor-element-51b6e2d elementor-widget elementor-widget-text-editor\" data-id=\"51b6e2d\" data-element_type=\"widget\" data-e-type=\"widget\" data-widget_type=\"text-editor.default\">\n\t\t\t\t<div class=\"elementor-widget-container\">\n\t\t\t\t\t\t\t\t\t<h4><span style=\"color: #007188;\">Widerrufsbestimmungen f\u00fcr digitale Inhalte (z.B. Downloads)<\/span><\/h4>\n<p><strong><span style=\"color: #007188;\">Widerrufsrecht<\/span><\/strong><\/p><p>\nSie haben das Recht, binnen vierzehn Tagen ohne Angabe von Gr\u00fcnden diesen Vertrag zu widerrufen. Die Widerrufsfrist betr\u00e4gt vierzehn Tage ab dem Tag des Vertragsabschlusses.<\/p>\n<p>Um Ihr Widerrufsrecht auszu\u00fcben, m\u00fcssen Sie uns \u2013 <strong>RC-Jetprint, Uhlandstr. 42, 32105 Bad Salzuflen, E-Mail: info@RC-Jetprint.de<\/strong> mittels einer eindeutigen Erkl\u00e4rung (z. B. ein mit der Post versandter Brief oder E-Mail) \u00fcber Ihren Entschluss, diesen Vertrag zu widerrufen, informieren. Sie k\u00f6nnen daf\u00fcr das beigef\u00fcgte Muster-Widerrufsformular verwenden, das jedoch nicht vorgeschrieben ist. Zur Wahrung der Widerrufsfrist reicht es aus, dass Sie die Mitteilung \u00fcber die Aus\u00fcbung des Widerrufsrechts vor Ablauf der Widerrufsfrist absenden.<\/p>\n<p><strong><span style=\"color: #007188;\">Folgen des Widerrufs<\/span><\/strong><br>\nWenn Sie diesen Vertrag widerrufen, haben wir Ihnen alle Zahlungen, die wir von Ihnen erhalten haben, einschlie\u00dflich der Lieferkosten (mit Ausnahme der zus\u00e4tzlichen Kosten, die sich daraus ergeben, dass Sie eine andere Art der Lieferung als die von uns angebotene, g\u00fcnstigste Standardlieferung gew\u00e4hlt haben), unverz\u00fcglich und sp\u00e4testens binnen vierzehn Tagen ab dem Tag zur\u00fcckzuzahlen, an dem die Mitteilung \u00fcber Ihren Widerruf dieses Vertrags bei uns eingegangen ist. F\u00fcr diese R\u00fcckzahlung verwenden wir dasselbe Zahlungsmittel, das Sie bei der urspr\u00fcnglichen Transaktion eingesetzt haben, es sei denn, mit Ihnen wurde ausdr\u00fccklich etwas anderes vereinbart; in keinem Fall werden Ihnen wegen dieser R\u00fcckzahlung Entgelte berechnet. Im Gegenzug ist der Widerrufende verpflichtet s\u00e4mtliche erworbene digitale Dateien auf seinen Datentr\u00e4gern ausnahmslos zu vernichten.<\/p>\n<p><strong><span style=\"color: #007188;\">Bitte beachten Sie<\/span><\/strong><br>\nDas Widerrufsrecht erlischt bei einem Vertrag \u00fcber die Lieferung von nicht auf einem k\u00f6rperlichen Datentr\u00e4ger befindlichen digitalen Inhalten, wenn wir mit der Ausf\u00fchrung des Vertrages begonnen haben, nachdem Sie ausdr\u00fccklich zugestimmt haben, dass wir mit der Ausf\u00fchrung des Vertrages vor Ablauf der Widerrufsfrist beginnen und Sie ihre Kenntnis davon best\u00e4tigt haben, dass Sie durch Ihre Zustimmung mit Beginn der Ausf\u00fchrung des Vertrages Ihr Widerrufsrecht verlieren.<\/p>\n<p><strong><span style=\"color: #007188;\">Ende der Widerrufsbelehrung f\u00fcr digitale Inhalte<\/span><\/strong><\/p>\n<p><strong><span style=\"color: #007188;\">Muster-Widerrufsformular<\/span><\/strong><\/p>\n<p>Wenn Sie den Vertrag widerrufen wollen, dann f\u00fcllen Sie bitte dieses Formular aus und senden Sie es zur\u00fcck.<\/p>\n<ul>\n<li>An: RC-Jetprint, Uhlandstr. 42, 32105 Bad Salzuflen, E-Mail: info@RC-Jetprint.de<\/li>\n<li>Hiermit widerrufe(n) ich\/wir (*) den von mir\/uns (*) abgeschlossenen Vertrag \u00fcber den Kauf der folgenden Waren (*)\/die Erbringung der folgenden Dienstleistung (*)<\/li>\n<li>Bestellt am (*)\/erhalten am (*)<\/li>\n<li>Name des\/der Verbraucher(s)<\/li>\n<li>Anschrift des\/der Verbraucher(s)<\/li>\n<li>Unterschrift des\/der Verbraucher(s) (nur bei Mitteilung auf Papier)<\/li>\n<li>Datum<\/li>\n<\/ul>\n<p>(*) Unzutreffendes streichen.<\/p>\n<p><strong><span style=\"color: #007188;\">Ende Muster-Widerrufsformular<\/span><\/strong><\/p>\t\t\t\t\t\t\t\t<\/div>\n\t\t\t\t<\/div>\n\t\t\t\t\t<\/div>\n\t\t<\/div>\n\t\t\t\t\t<\/div>\n\t\t<\/section>\n\t\t\t\t<section class=\"elementor-section elementor-top-section elementor-element elementor-element-9760b1d elementor-section-boxed elementor-section-height-default elementor-section-height-default\" data-id=\"9760b1d\" data-element_type=\"section\" data-e-type=\"section\">\n\t\t\t\t\t\t<div class=\"elementor-container elementor-column-gap-default\">\n\t\t\t\t\t<div class=\"elementor-column elementor-col-100 elementor-top-column elementor-element elementor-element-b261cb2\" data-id=\"b261cb2\" data-element_type=\"column\" data-e-type=\"column\">\n\t\t\t<div class=\"elementor-widget-wrap elementor-element-populated\">\n\t\t\t\t\t\t<div class=\"elementor-element elementor-element-faca05b elementor-widget elementor-widget-spacer\" data-id=\"faca05b\" data-element_type=\"widget\" data-e-type=\"widget\" data-widget_type=\"spacer.default\">\n\t\t\t\t<div class=\"elementor-widget-container\">\n\t\t\t\t\t\t\t<div class=\"elementor-spacer\">\n\t\t\t<div class=\"elementor-spacer-inner\"><\/div>\n\t\t<\/div>\n\t\t\t\t\t\t<\/div>\n\t\t\t\t<\/div>\n\t\t\t\t\t<\/div>\n\t\t<\/div>\n\t\t\t\t\t<\/div>\n\t\t<\/section>\n\t\t\t\t<\/div>\n\t\t","protected":false},"excerpt":{"rendered":"<p>Widerrufsbestimmungen Widerrufsbestimmungen f\u00fcr digitale Inhalte (z.B. Downloads) Widerrufsrecht Sie haben das Recht, binnen vierzehn Tagen ohne Angabe von Gr\u00fcnden diesen Vertrag zu widerrufen. Die Widerrufsfrist betr\u00e4gt vierzehn Tage ab dem Tag des Vertragsabschlusses. Um Ihr Widerrufsrecht auszu\u00fcben, m\u00fcssen Sie uns \u2013 RC-Jetprint, Uhlandstr. 42, 32105 Bad Salzuflen, E-Mail: info@RC-Jetprint.de mittels einer eindeutigen Erkl\u00e4rung (z. B. [&hellip;]<\/p>\n","protected":false},"author":1,"featured_media":681,"parent":0,"menu_order":0,"comment_status":"closed","ping_status":"closed","template":"elementor_header_footer","meta":{"footnotes":""},"class_list":["post-2411","page","type-page","status-publish","has-post-thumbnail","hentry"],"yoast_head":"<!-- This site is optimized with the Yoast SEO plugin v27.3 - https:\/\/yoast.com\/product\/yoast-seo-wordpress\/ -->\n<title>RC-Jetprint | 3D-Modellbau | kreativ und einzigartig<\/title>\n<meta name=\"description\" content=\"Wir sind spezialisiert auf professionellen 3D Modellbau. Neuartige Technologien im 3D Druck mit Leichtbau Filamenten erm\u00f6glichen uns Projekte, die einzigartig sind. Projektfortschritte, sowie Build-Tutorials k\u00f6nnen live mitverfolgt werden. Nehmen Sie gerne Kontakt mit uns auf. Ihr Team von RC-Jetprint\" \/>\n<meta name=\"robots\" content=\"index, follow, max-snippet:-1, max-image-preview:large, max-video-preview:-1\" \/>\n<link rel=\"canonical\" href=\"https:\/\/rc-jetprint.de\/de_de\/widerrufsbestimmungen\/\" \/>\n<meta property=\"og:locale\" content=\"de_DE\" \/>\n<meta property=\"og:type\" content=\"article\" \/>\n<meta property=\"og:title\" content=\"RC-Jetprint | 3D-Modellbau | kreativ und einzigartig\" \/>\n<meta property=\"og:description\" content=\"Wir sind spezialisiert auf professionellen 3D Modellbau. Neuartige Technologien im 3D Druck mit Leichtbau Filamenten erm\u00f6glichen uns Projekte, die einzigartig sind. Projektfortschritte, sowie Build-Tutorials k\u00f6nnen live mitverfolgt werden. Nehmen Sie gerne Kontakt mit uns auf. Ihr Team von RC-Jetprint\" \/>\n<meta property=\"og:url\" content=\"https:\/\/rc-jetprint.de\/de_de\/widerrufsbestimmungen\/\" \/>\n<meta property=\"og:site_name\" content=\"RC-Jetprint\" \/>\n<meta property=\"article:modified_time\" content=\"2023-05-15T16:06:22+00:00\" \/>\n<meta property=\"og:image\" content=\"https:\/\/rc-jetprint.de\/wp-content\/uploads\/2022\/05\/Logo_klein.png\" \/>\n\t<meta property=\"og:image:width\" content=\"820\" \/>\n\t<meta property=\"og:image:height\" content=\"615\" \/>\n\t<meta property=\"og:image:type\" content=\"image\/png\" \/>\n<meta name=\"twitter:card\" content=\"summary_large_image\" \/>\n<meta name=\"twitter:label1\" content=\"Gesch\u00e4tzte Lesezeit\" \/>\n\t<meta name=\"twitter:data1\" content=\"3\u00a0Minuten\" \/>\n<script type=\"application\/ld+json\" class=\"yoast-schema-graph\">{\"@context\":\"https:\\\/\\\/schema.org\",\"@graph\":[{\"@type\":\"WebPage\",\"@id\":\"https:\\\/\\\/rc-jetprint.de\\\/de_de\\\/widerrufsbestimmungen\\\/\",\"url\":\"https:\\\/\\\/rc-jetprint.de\\\/de_de\\\/widerrufsbestimmungen\\\/\",\"name\":\"RC-Jetprint | 3D-Modellbau | kreativ und einzigartig\",\"isPartOf\":{\"@id\":\"https:\\\/\\\/rc-jetprint.de\\\/#website\"},\"primaryImageOfPage\":{\"@id\":\"https:\\\/\\\/rc-jetprint.de\\\/de_de\\\/widerrufsbestimmungen\\\/#primaryimage\"},\"image\":{\"@id\":\"https:\\\/\\\/rc-jetprint.de\\\/de_de\\\/widerrufsbestimmungen\\\/#primaryimage\"},\"thumbnailUrl\":\"https:\\\/\\\/rc-jetprint.de\\\/wp-content\\\/uploads\\\/2022\\\/05\\\/Logo_klein.png\",\"datePublished\":\"2022-06-05T10:45:30+00:00\",\"dateModified\":\"2023-05-15T16:06:22+00:00\",\"description\":\"Wir sind spezialisiert auf professionellen 3D Modellbau. Neuartige Technologien im 3D Druck mit Leichtbau Filamenten erm\u00f6glichen uns Projekte, die einzigartig sind. Projektfortschritte, sowie Build-Tutorials k\u00f6nnen live mitverfolgt werden. Nehmen Sie gerne Kontakt mit uns auf. Ihr Team von RC-Jetprint\",\"breadcrumb\":{\"@id\":\"https:\\\/\\\/rc-jetprint.de\\\/de_de\\\/widerrufsbestimmungen\\\/#breadcrumb\"},\"inLanguage\":\"de\",\"potentialAction\":[{\"@type\":\"ReadAction\",\"target\":[\"https:\\\/\\\/rc-jetprint.de\\\/de_de\\\/widerrufsbestimmungen\\\/\"]}]},{\"@type\":\"ImageObject\",\"inLanguage\":\"de\",\"@id\":\"https:\\\/\\\/rc-jetprint.de\\\/de_de\\\/widerrufsbestimmungen\\\/#primaryimage\",\"url\":\"https:\\\/\\\/rc-jetprint.de\\\/wp-content\\\/uploads\\\/2022\\\/05\\\/Logo_klein.png\",\"contentUrl\":\"https:\\\/\\\/rc-jetprint.de\\\/wp-content\\\/uploads\\\/2022\\\/05\\\/Logo_klein.png\",\"width\":820,\"height\":615,\"caption\":\"Logo\"},{\"@type\":\"BreadcrumbList\",\"@id\":\"https:\\\/\\\/rc-jetprint.de\\\/de_de\\\/widerrufsbestimmungen\\\/#breadcrumb\",\"itemListElement\":[{\"@type\":\"ListItem\",\"position\":1,\"name\":\"Startseite\",\"item\":\"https:\\\/\\\/rc-jetprint.de\\\/\"},{\"@type\":\"ListItem\",\"position\":2,\"name\":\"Widerrufsbestimmungen\"}]},{\"@type\":\"WebSite\",\"@id\":\"https:\\\/\\\/rc-jetprint.de\\\/#website\",\"url\":\"https:\\\/\\\/rc-jetprint.de\\\/\",\"name\":\"RC-Jetprint\",\"description\":\"3D-prints of the next generation\",\"publisher\":{\"@id\":\"https:\\\/\\\/rc-jetprint.de\\\/#organization\"},\"potentialAction\":[{\"@type\":\"SearchAction\",\"target\":{\"@type\":\"EntryPoint\",\"urlTemplate\":\"https:\\\/\\\/rc-jetprint.de\\\/?s={search_term_string}\"},\"query-input\":{\"@type\":\"PropertyValueSpecification\",\"valueRequired\":true,\"valueName\":\"search_term_string\"}}],\"inLanguage\":\"de\"},{\"@type\":\"Organization\",\"@id\":\"https:\\\/\\\/rc-jetprint.de\\\/#organization\",\"name\":\"RC-Jetprint\",\"url\":\"https:\\\/\\\/rc-jetprint.de\\\/\",\"logo\":{\"@type\":\"ImageObject\",\"inLanguage\":\"de\",\"@id\":\"https:\\\/\\\/rc-jetprint.de\\\/#\\\/schema\\\/logo\\\/image\\\/\",\"url\":\"https:\\\/\\\/rc-jetprint.de\\\/wp-content\\\/uploads\\\/2022\\\/05\\\/RC-Jetprint_Favicon.jpg\",\"contentUrl\":\"https:\\\/\\\/rc-jetprint.de\\\/wp-content\\\/uploads\\\/2022\\\/05\\\/RC-Jetprint_Favicon.jpg\",\"width\":512,\"height\":457,\"caption\":\"RC-Jetprint\"},\"image\":{\"@id\":\"https:\\\/\\\/rc-jetprint.de\\\/#\\\/schema\\\/logo\\\/image\\\/\"}}]}<\/script>\n<!-- \/ Yoast SEO plugin. -->","yoast_head_json":{"title":"RC-Jetprint | 3D-Modellbau | kreativ und einzigartig","description":"Wir sind spezialisiert auf professionellen 3D Modellbau. Neuartige Technologien im 3D Druck mit Leichtbau Filamenten erm\u00f6glichen uns Projekte, die einzigartig sind. Projektfortschritte, sowie Build-Tutorials k\u00f6nnen live mitverfolgt werden. Nehmen Sie gerne Kontakt mit uns auf. Ihr Team von RC-Jetprint","robots":{"index":"index","follow":"follow","max-snippet":"max-snippet:-1","max-image-preview":"max-image-preview:large","max-video-preview":"max-video-preview:-1"},"canonical":"https:\/\/rc-jetprint.de\/de_de\/widerrufsbestimmungen\/","og_locale":"de_DE","og_type":"article","og_title":"RC-Jetprint | 3D-Modellbau | kreativ und einzigartig","og_description":"Wir sind spezialisiert auf professionellen 3D Modellbau. Neuartige Technologien im 3D Druck mit Leichtbau Filamenten erm\u00f6glichen uns Projekte, die einzigartig sind. Projektfortschritte, sowie Build-Tutorials k\u00f6nnen live mitverfolgt werden. Nehmen Sie gerne Kontakt mit uns auf. Ihr Team von RC-Jetprint","og_url":"https:\/\/rc-jetprint.de\/de_de\/widerrufsbestimmungen\/","og_site_name":"RC-Jetprint","article_modified_time":"2023-05-15T16:06:22+00:00","og_image":[{"width":820,"height":615,"url":"https:\/\/rc-jetprint.de\/wp-content\/uploads\/2022\/05\/Logo_klein.png","type":"image\/png"}],"twitter_card":"summary_large_image","twitter_misc":{"Gesch\u00e4tzte Lesezeit":"3\u00a0Minuten"},"schema":{"@context":"https:\/\/schema.org","@graph":[{"@type":"WebPage","@id":"https:\/\/rc-jetprint.de\/de_de\/widerrufsbestimmungen\/","url":"https:\/\/rc-jetprint.de\/de_de\/widerrufsbestimmungen\/","name":"RC-Jetprint | 3D-Modellbau | kreativ und einzigartig","isPartOf":{"@id":"https:\/\/rc-jetprint.de\/#website"},"primaryImageOfPage":{"@id":"https:\/\/rc-jetprint.de\/de_de\/widerrufsbestimmungen\/#primaryimage"},"image":{"@id":"https:\/\/rc-jetprint.de\/de_de\/widerrufsbestimmungen\/#primaryimage"},"thumbnailUrl":"https:\/\/rc-jetprint.de\/wp-content\/uploads\/2022\/05\/Logo_klein.png","datePublished":"2022-06-05T10:45:30+00:00","dateModified":"2023-05-15T16:06:22+00:00","description":"Wir sind spezialisiert auf professionellen 3D Modellbau. Neuartige Technologien im 3D Druck mit Leichtbau Filamenten erm\u00f6glichen uns Projekte, die einzigartig sind. Projektfortschritte, sowie Build-Tutorials k\u00f6nnen live mitverfolgt werden. Nehmen Sie gerne Kontakt mit uns auf. Ihr Team von RC-Jetprint","breadcrumb":{"@id":"https:\/\/rc-jetprint.de\/de_de\/widerrufsbestimmungen\/#breadcrumb"},"inLanguage":"de","potentialAction":[{"@type":"ReadAction","target":["https:\/\/rc-jetprint.de\/de_de\/widerrufsbestimmungen\/"]}]},{"@type":"ImageObject","inLanguage":"de","@id":"https:\/\/rc-jetprint.de\/de_de\/widerrufsbestimmungen\/#primaryimage","url":"https:\/\/rc-jetprint.de\/wp-content\/uploads\/2022\/05\/Logo_klein.png","contentUrl":"https:\/\/rc-jetprint.de\/wp-content\/uploads\/2022\/05\/Logo_klein.png","width":820,"height":615,"caption":"Logo"},{"@type":"BreadcrumbList","@id":"https:\/\/rc-jetprint.de\/de_de\/widerrufsbestimmungen\/#breadcrumb","itemListElement":[{"@type":"ListItem","position":1,"name":"Startseite","item":"https:\/\/rc-jetprint.de\/"},{"@type":"ListItem","position":2,"name":"Widerrufsbestimmungen"}]},{"@type":"WebSite","@id":"https:\/\/rc-jetprint.de\/#website","url":"https:\/\/rc-jetprint.de\/","name":"RC-Jetprint","description":"3D-prints of the next generation","publisher":{"@id":"https:\/\/rc-jetprint.de\/#organization"},"potentialAction":[{"@type":"SearchAction","target":{"@type":"EntryPoint","urlTemplate":"https:\/\/rc-jetprint.de\/?s={search_term_string}"},"query-input":{"@type":"PropertyValueSpecification","valueRequired":true,"valueName":"search_term_string"}}],"inLanguage":"de"},{"@type":"Organization","@id":"https:\/\/rc-jetprint.de\/#organization","name":"RC-Jetprint","url":"https:\/\/rc-jetprint.de\/","logo":{"@type":"ImageObject","inLanguage":"de","@id":"https:\/\/rc-jetprint.de\/#\/schema\/logo\/image\/","url":"https:\/\/rc-jetprint.de\/wp-content\/uploads\/2022\/05\/RC-Jetprint_Favicon.jpg","contentUrl":"https:\/\/rc-jetprint.de\/wp-content\/uploads\/2022\/05\/RC-Jetprint_Favicon.jpg","width":512,"height":457,"caption":"RC-Jetprint"},"image":{"@id":"https:\/\/rc-jetprint.de\/#\/schema\/logo\/image\/"}}]}},"_links":{"self":[{"href":"https:\/\/rc-jetprint.de\/de_de\/wp-json\/wp\/v2\/pages\/2411","targetHints":{"allow":["GET"]}}],"collection":[{"href":"https:\/\/rc-jetprint.de\/de_de\/wp-json\/wp\/v2\/pages"}],"about":[{"href":"https:\/\/rc-jetprint.de\/de_de\/wp-json\/wp\/v2\/types\/page"}],"author":[{"embeddable":true,"href":"https:\/\/rc-jetprint.de\/de_de\/wp-json\/wp\/v2\/users\/1"}],"replies":[{"embeddable":true,"href":"https:\/\/rc-jetprint.de\/de_de\/wp-json\/wp\/v2\/comments?post=2411"}],"version-history":[{"count":49,"href":"https:\/\/rc-jetprint.de\/de_de\/wp-json\/wp\/v2\/pages\/2411\/revisions"}],"predecessor-version":[{"id":6720,"href":"https:\/\/rc-jetprint.de\/de_de\/wp-json\/wp\/v2\/pages\/2411\/revisions\/6720"}],"wp:featuredmedia":[{"embeddable":true,"href":"https:\/\/rc-jetprint.de\/de_de\/wp-json\/wp\/v2\/media\/681"}],"wp:attachment":[{"href":"https:\/\/rc-jetprint.de\/de_de\/wp-json\/wp\/v2\/media?parent=2411"}],"curies":[{"name":"wp","href":"https:\/\/api.w.org\/{rel}","templated":true}]}}