{"id":184,"date":"2022-05-25T14:55:01","date_gmt":"2022-05-25T12:55:01","guid":{"rendered":"https:\/\/rc-jetprint.de\/datenschutzerklaerung\/"},"modified":"2026-02-03T12:48:08","modified_gmt":"2026-02-03T11:48:08","slug":"datenschutz","status":"publish","type":"page","link":"https:\/\/rc-jetprint.de\/en\/datenschutz\/","title":{"rendered":"Privacy"},"content":{"rendered":"<div data-elementor-type=\"wp-page\" data-elementor-id=\"184\" class=\"elementor elementor-184\" data-elementor-post-type=\"page\">\n\t\t\t\t\t\t<section class=\"elementor-section elementor-top-section elementor-element elementor-element-0ad8c52 elementor-section-full_width elementor-section-height-min-height elementor-section-height-default elementor-section-items-middle\" data-id=\"0ad8c52\" data-element_type=\"section\" data-e-type=\"section\" data-settings=\"{&quot;background_background&quot;:&quot;classic&quot;}\">\n\t\t\t\t\t\t<div class=\"elementor-container elementor-column-gap-no\">\n\t\t\t\t\t<div class=\"elementor-column elementor-col-100 elementor-top-column elementor-element elementor-element-05f241b\" data-id=\"05f241b\" data-element_type=\"column\" data-e-type=\"column\">\n\t\t\t<div class=\"elementor-widget-wrap elementor-element-populated\">\n\t\t\t\t\t\t<section class=\"elementor-section elementor-inner-section elementor-element elementor-element-70ca521 elementor-section-full_width elementor-section-height-min-height animated-slow elementor-section-height-default elementor-invisible\" data-id=\"70ca521\" data-element_type=\"section\" data-e-type=\"section\" data-settings=\"{&quot;animation&quot;:&quot;fadeInDown&quot;}\">\n\t\t\t\t\t\t\t<div class=\"elementor-background-overlay\"><\/div>\n\t\t\t\t\t\t\t<div class=\"elementor-container elementor-column-gap-wide\">\n\t\t\t\t\t<div class=\"elementor-column elementor-col-100 elementor-inner-column elementor-element elementor-element-c233b95\" data-id=\"c233b95\" data-element_type=\"column\" data-e-type=\"column\">\n\t\t\t<div class=\"elementor-widget-wrap elementor-element-populated\">\n\t\t\t\t\t\t<div class=\"elementor-element elementor-element-068a1d0 elementor-widget elementor-widget-heading\" data-id=\"068a1d0\" data-element_type=\"widget\" data-e-type=\"widget\" data-widget_type=\"heading.default\">\n\t\t\t\t<div class=\"elementor-widget-container\">\n\t\t\t\t\t<h2 class=\"elementor-heading-title elementor-size-default\">Privacy<\/h2>\t\t\t\t<\/div>\n\t\t\t\t<\/div>\n\t\t\t\t\t<\/div>\n\t\t<\/div>\n\t\t\t\t\t<\/div>\n\t\t<\/section>\n\t\t\t\t\t<\/div>\n\t\t<\/div>\n\t\t\t\t\t<\/div>\n\t\t<\/section>\n\t\t\t\t<section class=\"elementor-section elementor-top-section elementor-element elementor-element-99bf968 elementor-section-boxed elementor-section-height-default elementor-section-height-default\" data-id=\"99bf968\" data-element_type=\"section\" data-e-type=\"section\">\n\t\t\t\t\t\t<div class=\"elementor-container elementor-column-gap-default\">\n\t\t\t\t\t<div class=\"elementor-column elementor-col-100 elementor-top-column elementor-element elementor-element-9aa604f\" data-id=\"9aa604f\" data-element_type=\"column\" data-e-type=\"column\">\n\t\t\t<div class=\"elementor-widget-wrap elementor-element-populated\">\n\t\t\t\t\t\t<div class=\"elementor-element elementor-element-98a4b78 elementor-widget elementor-widget-heading\" data-id=\"98a4b78\" data-element_type=\"widget\" data-e-type=\"widget\" data-widget_type=\"heading.default\">\n\t\t\t\t<div class=\"elementor-widget-container\">\n\t\t\t\t\t<h4 class=\"elementor-heading-title elementor-size-default\">Privacy Policy<\/h4>\t\t\t\t<\/div>\n\t\t\t\t<\/div>\n\t\t\t\t<div class=\"elementor-element elementor-element-b60980b elementor-widget elementor-widget-text-editor\" data-id=\"b60980b\" data-element_type=\"widget\" data-e-type=\"widget\" data-widget_type=\"text-editor.default\">\n\t\t\t\t<div class=\"elementor-widget-container\">\n\t\t\t\t\t\t\t\t\t<p>The responsible party within the meaning of data protection laws, in particular the EU General Data Protection Regulation (DSGVO), is:<\/p><p><strong>RC-Jetprint<br \/><\/strong>E-Mail: <span style=\"text-decoration: underline;\"><span style=\"color: #0000ff;\"><a style=\"color: #0000ff; text-decoration: underline;\" href=\"mailto:info@RC-Jetprint.de\">info@RC-Jetprint.de<\/a><\/span><\/span><\/p><p><span style=\"color: #007188;\"><strong>1. Your data subject rights<\/strong><\/span><br \/>You can exercise the following rights at any time using the contact details provided by our data protection officer:<\/p><ul><li>Information about your data stored by us and its processing (Art. 15 DSGVO),<\/li><li>Correction of inaccurate personal data (Art. 16 GDPR),<\/li><li>Deletion of your data stored by us (Art. 17 DSGVO),<\/li><li>Restriction of data processing if we are not yet allowed to delete your data due to legal obligations (Art. 18 DSGVO),<\/li><li>Object to the processing of your data by us (Art. 21 DSGVO) and data portability, provided that you have consented to the data processing or have concluded a contract with us (Art. 20 DSGVO).<\/li><\/ul><p>If you have given us consent, you can revoke this at any time with effect for the future.<\/p><p>You may at any time submit a complaint to a supervisory authority, e.g. the competent supervisory authority in the federal state of your residence or the authority responsible for us as the responsible body.<\/p><p>A list of supervisory authorities (for the non-public sector) with address can be found at: https:\/\/www.bfdi.bund.de\/DE\/Service\/Anschriften\/Laender\/Laender-node.html.<\/p><p><span style=\"color: #007188;\"><strong>2. Third country transfer<\/strong><\/span><br \/>There are no transfers to third countries. The following data protection guarantees are in place:<\/p><p>Standard contract clauses<\/p><p><span style=\"color: #007188;\"><strong>3. Contact form<\/strong><\/span><br \/>The data you enter will be stored for the purpose of individual communication with you. For this purpose, it is necessary to provide a valid e-mail address and your name. This serves the assignment of the request and the subsequent response to the same. The specification of further data is optional.<\/p><p><span style=\"color: #007188;\"><strong>4. Legal basis<\/strong><\/span><br \/>The processing of the data entered in the contact form is based on a legitimate interest (Art. 6 para. 1 lit. f DSGVO).<\/p><p>By providing the contact form, we would like to enable you to contact us easily. The information you provide will be stored for the purpose of processing the request and for possible follow-up questions.<\/p><p>If you contact us to request a quote, the data entered in the contact form will be processed to carry out pre-contractual measures (Art. 6 para. 1 lit. b DSGVO).<\/p><p><span style=\"color: #007188;\"><strong>5. Receiver<\/strong><\/span><br \/>Recipients of the data are, if necessary, order processors. There are no transfers to third countries. The following data protection guarantees are in place:<\/p><p>Standard contract clauses<\/p><p><span style=\"color: #007188;\"><strong>6. Storage period<\/strong><\/span><br \/>Data will be deleted no later than 6 months after processing the request. If a contractual relationship arises, we are subject to the statutory retention periods according to the German Commercial Code (HGB) and delete your data after these periods have expired.<\/p><p><span style=\"color: #007188;\"><strong>7. Provision prescribed or required<\/strong><\/span><br \/>The provision of your personal data is voluntary. However, we can only process your request if you provide us with your name, e-mail address and the reason for the request.<\/p><p><span style=\"color: #007188;\"><strong>8. Embedded YouTube videos<\/strong><\/span><br \/>We embed YouTube videos on our website. The operator of the corresponding plugins is YouTube, LLC, 901 Cherry Ave, San Bruno, CA 94066, USA (hereinafter \"YouTube\"). YouTube, LLC is a subsidiary of Google LLC, 1600 Amphitheatre Pkwy, Mountain View, CA 94043, USA (hereinafter \"Google\"). When you visit a page with the YouTube plugin, a connection to YouTube servers is established. In the process, YouTube is informed which pages you are visiting. If you are logged into your YouTube account, YouTube can assign your surfing behavior to you personally. You can prevent this by logging out of your YouTube account beforehand.<\/p><p>When a YouTube video is started, the provider uses cookies that collect information about user behavior.<\/p><p>For more information about the purpose and scope of data collection and processing by YouTube, please refer to the provider's privacy policy. There you will also find more information about your rights in this regard and settings options for protecting your privacy (https:\/\/policies.google.com\/privacy).<\/p><p><span style=\"color: #007188;\"><strong>9. Revocation of consent<\/strong><\/span><br \/>No option for a simple opt-out or blocking of data transmission is currently offered by the provider. If you wish to prevent tracking of your activities on our website, please revoke your consent for the corresponding cookie category or all technically unnecessary cookies and data transfers in the cookie consent tool. In this case, however, you may not be able to use our website or may only be able to use it to a limited extent.<\/p><p>Information about your right to object according to Art. 21 DSGVO<\/p><p>You have the right to object at any time, on grounds relating to your particular situation, to the processing of personal data concerning you which is carried out on the basis of Art. 6(1)(f) DSGVO (data processing on the basis of a balance of interests); this also applies to profiling based on this provision within the meaning of Art. 4 No. 4 DSGVO.<\/p><p>If you object, we will no longer process your personal data unless we can demonstrate compelling legitimate grounds for the processing which override your interests, rights and freedoms, or the processing serves the purpose of asserting, exercising or defending legal claims.<\/p><p><span style=\"color: #007188;\"><strong>10. Recipient of an opposition is<\/strong><\/span><\/p><p><strong>RC-Jetprint<\/strong><br \/>E-Mail: <span style=\"text-decoration: underline;\"><span style=\"color: #0000ff;\"><a style=\"color: #0000ff; text-decoration: underline;\" href=\"mailto:info@RC-Jetprint.de\">info@RC-Jetprint.de<\/a><\/span><\/span><\/p><p><span style=\"color: #007188;\"><strong>11. Modification of our privacy policy<\/strong><\/span><br \/>We reserve the right to adapt this data protection declaration so that it always complies with the current legal requirements or in order to implement changes to our services in the data protection declaration, e.g. when introducing new services. The new privacy policy will then apply to your next visit.<\/p>\t\t\t\t\t\t\t\t<\/div>\n\t\t\t\t<\/div>\n\t\t\t\t\t<\/div>\n\t\t<\/div>\n\t\t\t\t\t<\/div>\n\t\t<\/section>\n\t\t\t\t<\/div>","protected":false},"excerpt":{"rendered":"<p>Datenschutz Datenschutzerkl\u00e4rung Verantwortlicher im Sinne der Datenschutzgesetze, insbesondere der EU-Datenschutzgrundverordnung (DSGVO), ist: RC-Jetprint E-Mail: info@RC-Jetprint.de 1. Ihre Betroffenenrechte Unter den angegebenen Kontaktdaten unseres Datenschutzbeauftragten k\u00f6nnen Sie jederzeit folgende Rechte aus\u00fcben: Auskunft \u00fcber Ihre bei uns gespeicherten Daten und deren Verarbeitung (Art. 15 DSGVO), Berichtigung unrichtiger personenbezogener Daten (Art. 16 DSGVO), L\u00f6schung Ihrer bei uns gespeicherten [&hellip;]<\/p>\n","protected":false},"author":1,"featured_media":678,"parent":0,"menu_order":0,"comment_status":"closed","ping_status":"closed","template":"elementor_header_footer","meta":{"footnotes":""},"class_list":["post-184","page","type-page","status-publish","has-post-thumbnail","hentry"],"yoast_head":"<!-- This site is optimized with the Yoast SEO plugin v27.3 - https:\/\/yoast.com\/product\/yoast-seo-wordpress\/ -->\n<title>Datenschutz - RC-Jetprint<\/title>\n<meta name=\"description\" content=\"Wir sind spezialisiert auf professionellen 3D Modellbau. - Neuartige Technologien im 3D Druck mit Leichtbau Filamenten erm\u00f6glichen uns Projekte, die einzigartig sind. - Projektfortschritte, sowie Build-Tutorials k\u00f6nnen live mitverfolgt werden. Nehmen Sie gerne Kontakt mit uns auf. - Ihr Team von RC-Jetprint\" \/>\n<meta name=\"robots\" content=\"index, follow, max-snippet:-1, max-image-preview:large, max-video-preview:-1\" \/>\n<link rel=\"canonical\" href=\"https:\/\/rc-jetprint.de\/en\/datenschutz\/\" \/>\n<meta property=\"og:locale\" content=\"en_US\" \/>\n<meta property=\"og:type\" content=\"article\" \/>\n<meta property=\"og:title\" content=\"Datenschutz - RC-Jetprint\" \/>\n<meta property=\"og:description\" content=\"Wir sind spezialisiert auf professionellen 3D Modellbau. - Neuartige Technologien im 3D Druck mit Leichtbau Filamenten erm\u00f6glichen uns Projekte, die einzigartig sind. - Projektfortschritte, sowie Build-Tutorials k\u00f6nnen live mitverfolgt werden. Nehmen Sie gerne Kontakt mit uns auf. - Ihr Team von RC-Jetprint\" \/>\n<meta property=\"og:url\" content=\"https:\/\/rc-jetprint.de\/en\/datenschutz\/\" \/>\n<meta property=\"og:site_name\" content=\"RC-Jetprint\" \/>\n<meta property=\"article:modified_time\" content=\"2026-02-03T11:48:08+00:00\" \/>\n<meta property=\"og:image\" content=\"https:\/\/rc-jetprint.de\/wp-content\/uploads\/2022\/05\/IMG_0284.png\" \/>\n\t<meta property=\"og:image:width\" content=\"2732\" \/>\n\t<meta property=\"og:image:height\" content=\"2048\" \/>\n\t<meta property=\"og:image:type\" content=\"image\/png\" \/>\n<meta name=\"twitter:card\" content=\"summary_large_image\" \/>\n<meta name=\"twitter:label1\" content=\"Est. reading time\" \/>\n\t<meta name=\"twitter:data1\" content=\"5 minutes\" \/>\n<script type=\"application\/ld+json\" class=\"yoast-schema-graph\">{\"@context\":\"https:\\\/\\\/schema.org\",\"@graph\":[{\"@type\":\"WebPage\",\"@id\":\"https:\\\/\\\/rc-jetprint.de\\\/datenschutz\\\/\",\"url\":\"https:\\\/\\\/rc-jetprint.de\\\/datenschutz\\\/\",\"name\":\"Datenschutz - RC-Jetprint\",\"isPartOf\":{\"@id\":\"https:\\\/\\\/rc-jetprint.de\\\/#website\"},\"primaryImageOfPage\":{\"@id\":\"https:\\\/\\\/rc-jetprint.de\\\/datenschutz\\\/#primaryimage\"},\"image\":{\"@id\":\"https:\\\/\\\/rc-jetprint.de\\\/datenschutz\\\/#primaryimage\"},\"thumbnailUrl\":\"https:\\\/\\\/rc-jetprint.de\\\/wp-content\\\/uploads\\\/2022\\\/05\\\/IMG_0284.png\",\"datePublished\":\"2022-05-25T12:55:01+00:00\",\"dateModified\":\"2026-02-03T11:48:08+00:00\",\"description\":\"Wir sind spezialisiert auf professionellen 3D Modellbau. - Neuartige Technologien im 3D Druck mit Leichtbau Filamenten erm\u00f6glichen uns Projekte, die einzigartig sind. - Projektfortschritte, sowie Build-Tutorials k\u00f6nnen live mitverfolgt werden. Nehmen Sie gerne Kontakt mit uns auf. - Ihr Team von RC-Jetprint\",\"breadcrumb\":{\"@id\":\"https:\\\/\\\/rc-jetprint.de\\\/datenschutz\\\/#breadcrumb\"},\"inLanguage\":\"en-US\",\"potentialAction\":[{\"@type\":\"ReadAction\",\"target\":[\"https:\\\/\\\/rc-jetprint.de\\\/datenschutz\\\/\"]}]},{\"@type\":\"ImageObject\",\"inLanguage\":\"en-US\",\"@id\":\"https:\\\/\\\/rc-jetprint.de\\\/datenschutz\\\/#primaryimage\",\"url\":\"https:\\\/\\\/rc-jetprint.de\\\/wp-content\\\/uploads\\\/2022\\\/05\\\/IMG_0284.png\",\"contentUrl\":\"https:\\\/\\\/rc-jetprint.de\\\/wp-content\\\/uploads\\\/2022\\\/05\\\/IMG_0284.png\",\"width\":2732,\"height\":2048,\"caption\":\"Logo\"},{\"@type\":\"BreadcrumbList\",\"@id\":\"https:\\\/\\\/rc-jetprint.de\\\/datenschutz\\\/#breadcrumb\",\"itemListElement\":[{\"@type\":\"ListItem\",\"position\":1,\"name\":\"Startseite\",\"item\":\"https:\\\/\\\/rc-jetprint.de\\\/\"},{\"@type\":\"ListItem\",\"position\":2,\"name\":\"Datenschutz\"}]},{\"@type\":\"WebSite\",\"@id\":\"https:\\\/\\\/rc-jetprint.de\\\/#website\",\"url\":\"https:\\\/\\\/rc-jetprint.de\\\/\",\"name\":\"RC-Jetprint\",\"description\":\"3D-prints of the next generation\",\"publisher\":{\"@id\":\"https:\\\/\\\/rc-jetprint.de\\\/#organization\"},\"potentialAction\":[{\"@type\":\"SearchAction\",\"target\":{\"@type\":\"EntryPoint\",\"urlTemplate\":\"https:\\\/\\\/rc-jetprint.de\\\/?s={search_term_string}\"},\"query-input\":{\"@type\":\"PropertyValueSpecification\",\"valueRequired\":true,\"valueName\":\"search_term_string\"}}],\"inLanguage\":\"en-US\"},{\"@type\":\"Organization\",\"@id\":\"https:\\\/\\\/rc-jetprint.de\\\/#organization\",\"name\":\"RC-Jetprint\",\"url\":\"https:\\\/\\\/rc-jetprint.de\\\/\",\"logo\":{\"@type\":\"ImageObject\",\"inLanguage\":\"en-US\",\"@id\":\"https:\\\/\\\/rc-jetprint.de\\\/#\\\/schema\\\/logo\\\/image\\\/\",\"url\":\"https:\\\/\\\/rc-jetprint.de\\\/wp-content\\\/uploads\\\/2022\\\/05\\\/RC-Jetprint_Favicon.jpg\",\"contentUrl\":\"https:\\\/\\\/rc-jetprint.de\\\/wp-content\\\/uploads\\\/2022\\\/05\\\/RC-Jetprint_Favicon.jpg\",\"width\":512,\"height\":457,\"caption\":\"RC-Jetprint\"},\"image\":{\"@id\":\"https:\\\/\\\/rc-jetprint.de\\\/#\\\/schema\\\/logo\\\/image\\\/\"}}]}<\/script>\n<!-- \/ Yoast SEO plugin. -->","yoast_head_json":{"title":"Datenschutz - RC-Jetprint","description":"Wir sind spezialisiert auf professionellen 3D Modellbau. - Neuartige Technologien im 3D Druck mit Leichtbau Filamenten erm\u00f6glichen uns Projekte, die einzigartig sind. - Projektfortschritte, sowie Build-Tutorials k\u00f6nnen live mitverfolgt werden. Nehmen Sie gerne Kontakt mit uns auf. - Ihr Team von RC-Jetprint","robots":{"index":"index","follow":"follow","max-snippet":"max-snippet:-1","max-image-preview":"max-image-preview:large","max-video-preview":"max-video-preview:-1"},"canonical":"https:\/\/rc-jetprint.de\/en\/datenschutz\/","og_locale":"en_US","og_type":"article","og_title":"Datenschutz - RC-Jetprint","og_description":"Wir sind spezialisiert auf professionellen 3D Modellbau. - Neuartige Technologien im 3D Druck mit Leichtbau Filamenten erm\u00f6glichen uns Projekte, die einzigartig sind. - Projektfortschritte, sowie Build-Tutorials k\u00f6nnen live mitverfolgt werden. Nehmen Sie gerne Kontakt mit uns auf. - Ihr Team von RC-Jetprint","og_url":"https:\/\/rc-jetprint.de\/en\/datenschutz\/","og_site_name":"RC-Jetprint","article_modified_time":"2026-02-03T11:48:08+00:00","og_image":[{"width":2732,"height":2048,"url":"https:\/\/rc-jetprint.de\/wp-content\/uploads\/2022\/05\/IMG_0284.png","type":"image\/png"}],"twitter_card":"summary_large_image","twitter_misc":{"Est. reading time":"5 minutes"},"schema":{"@context":"https:\/\/schema.org","@graph":[{"@type":"WebPage","@id":"https:\/\/rc-jetprint.de\/datenschutz\/","url":"https:\/\/rc-jetprint.de\/datenschutz\/","name":"Datenschutz - RC-Jetprint","isPartOf":{"@id":"https:\/\/rc-jetprint.de\/#website"},"primaryImageOfPage":{"@id":"https:\/\/rc-jetprint.de\/datenschutz\/#primaryimage"},"image":{"@id":"https:\/\/rc-jetprint.de\/datenschutz\/#primaryimage"},"thumbnailUrl":"https:\/\/rc-jetprint.de\/wp-content\/uploads\/2022\/05\/IMG_0284.png","datePublished":"2022-05-25T12:55:01+00:00","dateModified":"2026-02-03T11:48:08+00:00","description":"Wir sind spezialisiert auf professionellen 3D Modellbau. - Neuartige Technologien im 3D Druck mit Leichtbau Filamenten erm\u00f6glichen uns Projekte, die einzigartig sind. - Projektfortschritte, sowie Build-Tutorials k\u00f6nnen live mitverfolgt werden. Nehmen Sie gerne Kontakt mit uns auf. - Ihr Team von RC-Jetprint","breadcrumb":{"@id":"https:\/\/rc-jetprint.de\/datenschutz\/#breadcrumb"},"inLanguage":"en-US","potentialAction":[{"@type":"ReadAction","target":["https:\/\/rc-jetprint.de\/datenschutz\/"]}]},{"@type":"ImageObject","inLanguage":"en-US","@id":"https:\/\/rc-jetprint.de\/datenschutz\/#primaryimage","url":"https:\/\/rc-jetprint.de\/wp-content\/uploads\/2022\/05\/IMG_0284.png","contentUrl":"https:\/\/rc-jetprint.de\/wp-content\/uploads\/2022\/05\/IMG_0284.png","width":2732,"height":2048,"caption":"Logo"},{"@type":"BreadcrumbList","@id":"https:\/\/rc-jetprint.de\/datenschutz\/#breadcrumb","itemListElement":[{"@type":"ListItem","position":1,"name":"Startseite","item":"https:\/\/rc-jetprint.de\/"},{"@type":"ListItem","position":2,"name":"Datenschutz"}]},{"@type":"WebSite","@id":"https:\/\/rc-jetprint.de\/#website","url":"https:\/\/rc-jetprint.de\/","name":"RC-Jetprint","description":"3D-prints of the next generation","publisher":{"@id":"https:\/\/rc-jetprint.de\/#organization"},"potentialAction":[{"@type":"SearchAction","target":{"@type":"EntryPoint","urlTemplate":"https:\/\/rc-jetprint.de\/?s={search_term_string}"},"query-input":{"@type":"PropertyValueSpecification","valueRequired":true,"valueName":"search_term_string"}}],"inLanguage":"en-US"},{"@type":"Organization","@id":"https:\/\/rc-jetprint.de\/#organization","name":"RC-Jetprint","url":"https:\/\/rc-jetprint.de\/","logo":{"@type":"ImageObject","inLanguage":"en-US","@id":"https:\/\/rc-jetprint.de\/#\/schema\/logo\/image\/","url":"https:\/\/rc-jetprint.de\/wp-content\/uploads\/2022\/05\/RC-Jetprint_Favicon.jpg","contentUrl":"https:\/\/rc-jetprint.de\/wp-content\/uploads\/2022\/05\/RC-Jetprint_Favicon.jpg","width":512,"height":457,"caption":"RC-Jetprint"},"image":{"@id":"https:\/\/rc-jetprint.de\/#\/schema\/logo\/image\/"}}]}},"_links":{"self":[{"href":"https:\/\/rc-jetprint.de\/en\/wp-json\/wp\/v2\/pages\/184","targetHints":{"allow":["GET"]}}],"collection":[{"href":"https:\/\/rc-jetprint.de\/en\/wp-json\/wp\/v2\/pages"}],"about":[{"href":"https:\/\/rc-jetprint.de\/en\/wp-json\/wp\/v2\/types\/page"}],"author":[{"embeddable":true,"href":"https:\/\/rc-jetprint.de\/en\/wp-json\/wp\/v2\/users\/1"}],"replies":[{"embeddable":true,"href":"https:\/\/rc-jetprint.de\/en\/wp-json\/wp\/v2\/comments?post=184"}],"version-history":[{"count":33,"href":"https:\/\/rc-jetprint.de\/en\/wp-json\/wp\/v2\/pages\/184\/revisions"}],"predecessor-version":[{"id":3166,"href":"https:\/\/rc-jetprint.de\/en\/wp-json\/wp\/v2\/pages\/184\/revisions\/3166"}],"wp:featuredmedia":[{"embeddable":true,"href":"https:\/\/rc-jetprint.de\/en\/wp-json\/wp\/v2\/media\/678"}],"wp:attachment":[{"href":"https:\/\/rc-jetprint.de\/en\/wp-json\/wp\/v2\/media?parent=184"}],"curies":[{"name":"wp","href":"https:\/\/api.w.org\/{rel}","templated":true}]}}