{"id":2411,"date":"2022-06-05T12:45:30","date_gmt":"2022-06-05T10:45:30","guid":{"rendered":"https:\/\/rc-jetprint.de\/?page_id=2411"},"modified":"2023-05-15T18:06:22","modified_gmt":"2023-05-15T16:06:22","slug":"widerrufsbestimmungen","status":"publish","type":"page","link":"https:\/\/rc-jetprint.de\/en\/widerrufsbestimmungen\/","title":{"rendered":"Revocation provisions"},"content":{"rendered":"<div data-elementor-type=\"wp-page\" data-elementor-id=\"2411\" class=\"elementor elementor-2411\" data-elementor-post-type=\"page\">\n\t\t\t\t\t\t<section class=\"elementor-section elementor-top-section elementor-element elementor-element-74d13df elementor-section-full_width elementor-section-height-min-height elementor-section-height-default elementor-section-items-middle\" data-id=\"74d13df\" data-element_type=\"section\" data-e-type=\"section\" data-settings=\"{&quot;background_background&quot;:&quot;classic&quot;}\">\n\t\t\t\t\t\t<div class=\"elementor-container elementor-column-gap-no\">\n\t\t\t\t\t<div class=\"elementor-column elementor-col-100 elementor-top-column elementor-element elementor-element-ed84dcf\" data-id=\"ed84dcf\" data-element_type=\"column\" data-e-type=\"column\">\n\t\t\t<div class=\"elementor-widget-wrap elementor-element-populated\">\n\t\t\t\t\t\t<section class=\"elementor-section elementor-inner-section elementor-element elementor-element-56270d6 elementor-section-full_width elementor-section-height-min-height animated-slow elementor-section-height-default elementor-invisible\" data-id=\"56270d6\" data-element_type=\"section\" data-e-type=\"section\" data-settings=\"{&quot;background_background&quot;:&quot;classic&quot;,&quot;animation&quot;:&quot;fadeInDown&quot;}\">\n\t\t\t\t\t\t\t<div class=\"elementor-background-overlay\"><\/div>\n\t\t\t\t\t\t\t<div class=\"elementor-container elementor-column-gap-wider\">\n\t\t\t\t\t<div class=\"elementor-column elementor-col-100 elementor-inner-column elementor-element elementor-element-76de61a\" data-id=\"76de61a\" data-element_type=\"column\" data-e-type=\"column\">\n\t\t\t<div class=\"elementor-widget-wrap elementor-element-populated\">\n\t\t\t\t\t\t<div class=\"elementor-element elementor-element-97cd350 animated-slow elementor-widget elementor-widget-heading\" data-id=\"97cd350\" data-element_type=\"widget\" data-e-type=\"widget\" data-settings=\"{&quot;_animation&quot;:&quot;none&quot;}\" data-widget_type=\"heading.default\">\n\t\t\t\t<div class=\"elementor-widget-container\">\n\t\t\t\t\t<h2 class=\"elementor-heading-title elementor-size-default\">Revocation provisions<\/h2>\t\t\t\t<\/div>\n\t\t\t\t<\/div>\n\t\t\t\t\t<\/div>\n\t\t<\/div>\n\t\t\t\t\t<\/div>\n\t\t<\/section>\n\t\t\t\t\t<\/div>\n\t\t<\/div>\n\t\t\t\t\t<\/div>\n\t\t<\/section>\n\t\t\t\t<section class=\"elementor-section elementor-top-section elementor-element elementor-element-b64fa72 elementor-section-boxed elementor-section-height-default elementor-section-height-default\" data-id=\"b64fa72\" data-element_type=\"section\" data-e-type=\"section\">\n\t\t\t\t\t\t<div class=\"elementor-container elementor-column-gap-default\">\n\t\t\t\t\t<div class=\"elementor-column elementor-col-100 elementor-top-column elementor-element elementor-element-e958965\" data-id=\"e958965\" data-element_type=\"column\" data-e-type=\"column\">\n\t\t\t<div class=\"elementor-widget-wrap elementor-element-populated\">\n\t\t\t\t\t\t<div class=\"elementor-element elementor-element-0acbdca elementor-widget elementor-widget-spacer\" data-id=\"0acbdca\" data-element_type=\"widget\" data-e-type=\"widget\" data-widget_type=\"spacer.default\">\n\t\t\t\t<div class=\"elementor-widget-container\">\n\t\t\t\t\t\t\t<div class=\"elementor-spacer\">\n\t\t\t<div class=\"elementor-spacer-inner\"><\/div>\n\t\t<\/div>\n\t\t\t\t\t\t<\/div>\n\t\t\t\t<\/div>\n\t\t\t\t\t<\/div>\n\t\t<\/div>\n\t\t\t\t\t<\/div>\n\t\t<\/section>\n\t\t\t\t<section class=\"elementor-section elementor-top-section elementor-element elementor-element-1114ebe elementor-section-boxed elementor-section-height-default elementor-section-height-default\" data-id=\"1114ebe\" data-element_type=\"section\" data-e-type=\"section\">\n\t\t\t\t\t\t<div class=\"elementor-container elementor-column-gap-default\">\n\t\t\t\t\t<div class=\"elementor-column elementor-col-100 elementor-top-column elementor-element elementor-element-05059c3\" data-id=\"05059c3\" data-element_type=\"column\" data-e-type=\"column\">\n\t\t\t<div class=\"elementor-widget-wrap elementor-element-populated\">\n\t\t\t\t\t\t<div class=\"elementor-element elementor-element-51b6e2d elementor-widget elementor-widget-text-editor\" data-id=\"51b6e2d\" data-element_type=\"widget\" data-e-type=\"widget\" data-widget_type=\"text-editor.default\">\n\t\t\t\t<div class=\"elementor-widget-container\">\n\t\t\t\t\t\t\t\t\t<h4><span style=\"color: #007188;\">Revocation provisions for digital content (e.g. downloads)<\/span><\/h4>\n<p><strong><span style=\"color: #007188;\">Right of withdrawal<\/span><\/strong><\/p><p>\nYou have the right to revoke this contract within fourteen days without giving any reason. The withdrawal period is fourteen days from the date of conclusion of the contract.<\/p>\n<p>To exercise your right of withdrawal, you must send us -. <strong>RC-Jetprint, Uhlandstr. 42, 32105 Bad Salzuflen, E-Mail: info@RC-Jetprint.de<\/strong> by means of a clear statement (e. g. a letter sent by mail or e-mail) about your decision to revoke this contract. You can use the attached model withdrawal form for this purpose, but it is not mandatory. To comply with the withdrawal period, it is sufficient that you send the notice of exercise of the right of withdrawal before the expiry of the withdrawal period.<\/p>\n<p><strong><span style=\"color: #007188;\">Consequences of the revocation<\/span><\/strong><br>\nIf you revoke this contract, we have paid you all payments that we have received from you, including the delivery costs (except for the additional costs resulting from the fact that you have chosen a different type of delivery than the cheapest standard delivery offered by us have), immediately and at the latest within fourteen days from the day on which we received the notification of your cancellation of this contract. For this repayment, we use the same means of payment that you used in the original transaction, unless something else was expressly agreed with you; under no circumstances will you be charged fees for this repayment. In return, the revoking party is obliged to destroy all acquired digital files on their data carriers without exception.<\/p>\n<p><strong><span style=\"color: #007188;\">Please note<\/span><\/strong><br>\nThe right of withdrawal shall expire in the case of a contract for the delivery of digital content not on a tangible medium if we have commenced performance of the contract after you have expressly consented to our commencing performance of the contract before the expiry of the withdrawal period and you have confirmed your knowledge that by consenting you lose your right of withdrawal upon commencement of performance of the contract.<\/p>\n<p><strong><span style=\"color: #007188;\">End of the cancellation policy for digital content<\/span><\/strong><\/p>\n<p><strong><span style=\"color: #007188;\">Sample cancellation form<\/span><\/strong><\/p>\n<p>If you want to cancel the contract, please fill out this form and send it back.<\/p>\n<ul>\n<li>To: RC-Jetprint, Uhlandstr. 42, 32105 Bad Salzuflen, E-Mail: info@RC-Jetprint.de<\/li>\n<li>I\/we (*) hereby revoke the contract concluded by me\/us (*) for the purchase of the following goods (*)\/provision of the following service (*)<\/li>\n<li>Ordered on (*)\/received on (*)<\/li>\n<li>Name of the consumer(s)<\/li>\n<li>Address of the consumer(s)<\/li>\n<li>Signature of the consumer(s) (only in case of notification on paper)<\/li>\n<li>Date<\/li>\n<\/ul>\n<p>(*) Delete as applicable.<\/p>\n<p><strong><span style=\"color: #007188;\">End sample cancellation form<\/span><\/strong><\/p>\t\t\t\t\t\t\t\t<\/div>\n\t\t\t\t<\/div>\n\t\t\t\t\t<\/div>\n\t\t<\/div>\n\t\t\t\t\t<\/div>\n\t\t<\/section>\n\t\t\t\t<section class=\"elementor-section elementor-top-section elementor-element elementor-element-9760b1d elementor-section-boxed elementor-section-height-default elementor-section-height-default\" data-id=\"9760b1d\" data-element_type=\"section\" data-e-type=\"section\">\n\t\t\t\t\t\t<div class=\"elementor-container elementor-column-gap-default\">\n\t\t\t\t\t<div class=\"elementor-column elementor-col-100 elementor-top-column elementor-element elementor-element-b261cb2\" data-id=\"b261cb2\" data-element_type=\"column\" data-e-type=\"column\">\n\t\t\t<div class=\"elementor-widget-wrap elementor-element-populated\">\n\t\t\t\t\t\t<div class=\"elementor-element elementor-element-faca05b elementor-widget elementor-widget-spacer\" data-id=\"faca05b\" data-element_type=\"widget\" data-e-type=\"widget\" data-widget_type=\"spacer.default\">\n\t\t\t\t<div class=\"elementor-widget-container\">\n\t\t\t\t\t\t\t<div class=\"elementor-spacer\">\n\t\t\t<div class=\"elementor-spacer-inner\"><\/div>\n\t\t<\/div>\n\t\t\t\t\t\t<\/div>\n\t\t\t\t<\/div>\n\t\t\t\t\t<\/div>\n\t\t<\/div>\n\t\t\t\t\t<\/div>\n\t\t<\/section>\n\t\t\t\t<\/div>","protected":false},"excerpt":{"rendered":"<p>Widerrufsbestimmungen Widerrufsbestimmungen f\u00fcr digitale Inhalte (z.B. Downloads) Widerrufsrecht Sie haben das Recht, binnen vierzehn Tagen ohne Angabe von Gr\u00fcnden diesen Vertrag zu widerrufen. Die Widerrufsfrist betr\u00e4gt vierzehn Tage ab dem Tag des Vertragsabschlusses. Um Ihr Widerrufsrecht auszu\u00fcben, m\u00fcssen Sie uns \u2013 RC-Jetprint, Uhlandstr. 42, 32105 Bad Salzuflen, E-Mail: info@RC-Jetprint.de mittels einer eindeutigen Erkl\u00e4rung (z. B. [&hellip;]<\/p>\n","protected":false},"author":1,"featured_media":681,"parent":0,"menu_order":0,"comment_status":"closed","ping_status":"closed","template":"elementor_header_footer","meta":{"footnotes":""},"class_list":["post-2411","page","type-page","status-publish","has-post-thumbnail","hentry"],"yoast_head":"<!-- This site is optimized with the Yoast SEO plugin v27.3 - https:\/\/yoast.com\/product\/yoast-seo-wordpress\/ -->\n<title>RC-Jetprint | 3D-Modellbau | kreativ und einzigartig<\/title>\n<meta name=\"description\" content=\"Wir sind spezialisiert auf professionellen 3D Modellbau. Neuartige Technologien im 3D Druck mit Leichtbau Filamenten erm\u00f6glichen uns Projekte, die einzigartig sind. Projektfortschritte, sowie Build-Tutorials k\u00f6nnen live mitverfolgt werden. Nehmen Sie gerne Kontakt mit uns auf. Ihr Team von RC-Jetprint\" \/>\n<meta name=\"robots\" content=\"index, follow, max-snippet:-1, max-image-preview:large, max-video-preview:-1\" \/>\n<link rel=\"canonical\" href=\"https:\/\/rc-jetprint.de\/en\/widerrufsbestimmungen\/\" \/>\n<meta property=\"og:locale\" content=\"en_US\" \/>\n<meta property=\"og:type\" content=\"article\" \/>\n<meta property=\"og:title\" content=\"RC-Jetprint | 3D-Modellbau | kreativ und einzigartig\" \/>\n<meta property=\"og:description\" content=\"Wir sind spezialisiert auf professionellen 3D Modellbau. Neuartige Technologien im 3D Druck mit Leichtbau Filamenten erm\u00f6glichen uns Projekte, die einzigartig sind. Projektfortschritte, sowie Build-Tutorials k\u00f6nnen live mitverfolgt werden. Nehmen Sie gerne Kontakt mit uns auf. Ihr Team von RC-Jetprint\" \/>\n<meta property=\"og:url\" content=\"https:\/\/rc-jetprint.de\/en\/widerrufsbestimmungen\/\" \/>\n<meta property=\"og:site_name\" content=\"RC-Jetprint\" \/>\n<meta property=\"article:modified_time\" content=\"2023-05-15T16:06:22+00:00\" \/>\n<meta property=\"og:image\" content=\"https:\/\/rc-jetprint.de\/wp-content\/uploads\/2022\/05\/Logo_klein.png\" \/>\n\t<meta property=\"og:image:width\" content=\"820\" \/>\n\t<meta property=\"og:image:height\" content=\"615\" \/>\n\t<meta property=\"og:image:type\" content=\"image\/png\" \/>\n<meta name=\"twitter:card\" content=\"summary_large_image\" \/>\n<meta name=\"twitter:label1\" content=\"Est. reading time\" \/>\n\t<meta name=\"twitter:data1\" content=\"3 minutes\" \/>\n<script type=\"application\/ld+json\" class=\"yoast-schema-graph\">{\"@context\":\"https:\\\/\\\/schema.org\",\"@graph\":[{\"@type\":\"WebPage\",\"@id\":\"https:\\\/\\\/rc-jetprint.de\\\/de_de\\\/widerrufsbestimmungen\\\/\",\"url\":\"https:\\\/\\\/rc-jetprint.de\\\/de_de\\\/widerrufsbestimmungen\\\/\",\"name\":\"RC-Jetprint | 3D-Modellbau | kreativ und einzigartig\",\"isPartOf\":{\"@id\":\"https:\\\/\\\/rc-jetprint.de\\\/#website\"},\"primaryImageOfPage\":{\"@id\":\"https:\\\/\\\/rc-jetprint.de\\\/de_de\\\/widerrufsbestimmungen\\\/#primaryimage\"},\"image\":{\"@id\":\"https:\\\/\\\/rc-jetprint.de\\\/de_de\\\/widerrufsbestimmungen\\\/#primaryimage\"},\"thumbnailUrl\":\"https:\\\/\\\/rc-jetprint.de\\\/wp-content\\\/uploads\\\/2022\\\/05\\\/Logo_klein.png\",\"datePublished\":\"2022-06-05T10:45:30+00:00\",\"dateModified\":\"2023-05-15T16:06:22+00:00\",\"description\":\"Wir sind spezialisiert auf professionellen 3D Modellbau. Neuartige Technologien im 3D Druck mit Leichtbau Filamenten erm\u00f6glichen uns Projekte, die einzigartig sind. Projektfortschritte, sowie Build-Tutorials k\u00f6nnen live mitverfolgt werden. Nehmen Sie gerne Kontakt mit uns auf. Ihr Team von RC-Jetprint\",\"breadcrumb\":{\"@id\":\"https:\\\/\\\/rc-jetprint.de\\\/de_de\\\/widerrufsbestimmungen\\\/#breadcrumb\"},\"inLanguage\":\"en-US\",\"potentialAction\":[{\"@type\":\"ReadAction\",\"target\":[\"https:\\\/\\\/rc-jetprint.de\\\/de_de\\\/widerrufsbestimmungen\\\/\"]}]},{\"@type\":\"ImageObject\",\"inLanguage\":\"en-US\",\"@id\":\"https:\\\/\\\/rc-jetprint.de\\\/de_de\\\/widerrufsbestimmungen\\\/#primaryimage\",\"url\":\"https:\\\/\\\/rc-jetprint.de\\\/wp-content\\\/uploads\\\/2022\\\/05\\\/Logo_klein.png\",\"contentUrl\":\"https:\\\/\\\/rc-jetprint.de\\\/wp-content\\\/uploads\\\/2022\\\/05\\\/Logo_klein.png\",\"width\":820,\"height\":615,\"caption\":\"Logo\"},{\"@type\":\"BreadcrumbList\",\"@id\":\"https:\\\/\\\/rc-jetprint.de\\\/de_de\\\/widerrufsbestimmungen\\\/#breadcrumb\",\"itemListElement\":[{\"@type\":\"ListItem\",\"position\":1,\"name\":\"Startseite\",\"item\":\"https:\\\/\\\/rc-jetprint.de\\\/\"},{\"@type\":\"ListItem\",\"position\":2,\"name\":\"Widerrufsbestimmungen\"}]},{\"@type\":\"WebSite\",\"@id\":\"https:\\\/\\\/rc-jetprint.de\\\/#website\",\"url\":\"https:\\\/\\\/rc-jetprint.de\\\/\",\"name\":\"RC-Jetprint\",\"description\":\"3D-prints of the next generation\",\"publisher\":{\"@id\":\"https:\\\/\\\/rc-jetprint.de\\\/#organization\"},\"potentialAction\":[{\"@type\":\"SearchAction\",\"target\":{\"@type\":\"EntryPoint\",\"urlTemplate\":\"https:\\\/\\\/rc-jetprint.de\\\/?s={search_term_string}\"},\"query-input\":{\"@type\":\"PropertyValueSpecification\",\"valueRequired\":true,\"valueName\":\"search_term_string\"}}],\"inLanguage\":\"en-US\"},{\"@type\":\"Organization\",\"@id\":\"https:\\\/\\\/rc-jetprint.de\\\/#organization\",\"name\":\"RC-Jetprint\",\"url\":\"https:\\\/\\\/rc-jetprint.de\\\/\",\"logo\":{\"@type\":\"ImageObject\",\"inLanguage\":\"en-US\",\"@id\":\"https:\\\/\\\/rc-jetprint.de\\\/#\\\/schema\\\/logo\\\/image\\\/\",\"url\":\"https:\\\/\\\/rc-jetprint.de\\\/wp-content\\\/uploads\\\/2022\\\/05\\\/RC-Jetprint_Favicon.jpg\",\"contentUrl\":\"https:\\\/\\\/rc-jetprint.de\\\/wp-content\\\/uploads\\\/2022\\\/05\\\/RC-Jetprint_Favicon.jpg\",\"width\":512,\"height\":457,\"caption\":\"RC-Jetprint\"},\"image\":{\"@id\":\"https:\\\/\\\/rc-jetprint.de\\\/#\\\/schema\\\/logo\\\/image\\\/\"}}]}<\/script>\n<!-- \/ Yoast SEO plugin. -->","yoast_head_json":{"title":"RC-Jetprint | 3D-Modellbau | kreativ und einzigartig","description":"Wir sind spezialisiert auf professionellen 3D Modellbau. Neuartige Technologien im 3D Druck mit Leichtbau Filamenten erm\u00f6glichen uns Projekte, die einzigartig sind. Projektfortschritte, sowie Build-Tutorials k\u00f6nnen live mitverfolgt werden. Nehmen Sie gerne Kontakt mit uns auf. Ihr Team von RC-Jetprint","robots":{"index":"index","follow":"follow","max-snippet":"max-snippet:-1","max-image-preview":"max-image-preview:large","max-video-preview":"max-video-preview:-1"},"canonical":"https:\/\/rc-jetprint.de\/en\/widerrufsbestimmungen\/","og_locale":"en_US","og_type":"article","og_title":"RC-Jetprint | 3D-Modellbau | kreativ und einzigartig","og_description":"Wir sind spezialisiert auf professionellen 3D Modellbau. Neuartige Technologien im 3D Druck mit Leichtbau Filamenten erm\u00f6glichen uns Projekte, die einzigartig sind. Projektfortschritte, sowie Build-Tutorials k\u00f6nnen live mitverfolgt werden. Nehmen Sie gerne Kontakt mit uns auf. Ihr Team von RC-Jetprint","og_url":"https:\/\/rc-jetprint.de\/en\/widerrufsbestimmungen\/","og_site_name":"RC-Jetprint","article_modified_time":"2023-05-15T16:06:22+00:00","og_image":[{"width":820,"height":615,"url":"https:\/\/rc-jetprint.de\/wp-content\/uploads\/2022\/05\/Logo_klein.png","type":"image\/png"}],"twitter_card":"summary_large_image","twitter_misc":{"Est. reading time":"3 minutes"},"schema":{"@context":"https:\/\/schema.org","@graph":[{"@type":"WebPage","@id":"https:\/\/rc-jetprint.de\/de_de\/widerrufsbestimmungen\/","url":"https:\/\/rc-jetprint.de\/de_de\/widerrufsbestimmungen\/","name":"RC-Jetprint | 3D-Modellbau | kreativ und einzigartig","isPartOf":{"@id":"https:\/\/rc-jetprint.de\/#website"},"primaryImageOfPage":{"@id":"https:\/\/rc-jetprint.de\/de_de\/widerrufsbestimmungen\/#primaryimage"},"image":{"@id":"https:\/\/rc-jetprint.de\/de_de\/widerrufsbestimmungen\/#primaryimage"},"thumbnailUrl":"https:\/\/rc-jetprint.de\/wp-content\/uploads\/2022\/05\/Logo_klein.png","datePublished":"2022-06-05T10:45:30+00:00","dateModified":"2023-05-15T16:06:22+00:00","description":"Wir sind spezialisiert auf professionellen 3D Modellbau. Neuartige Technologien im 3D Druck mit Leichtbau Filamenten erm\u00f6glichen uns Projekte, die einzigartig sind. Projektfortschritte, sowie Build-Tutorials k\u00f6nnen live mitverfolgt werden. Nehmen Sie gerne Kontakt mit uns auf. Ihr Team von RC-Jetprint","breadcrumb":{"@id":"https:\/\/rc-jetprint.de\/de_de\/widerrufsbestimmungen\/#breadcrumb"},"inLanguage":"en-US","potentialAction":[{"@type":"ReadAction","target":["https:\/\/rc-jetprint.de\/de_de\/widerrufsbestimmungen\/"]}]},{"@type":"ImageObject","inLanguage":"en-US","@id":"https:\/\/rc-jetprint.de\/de_de\/widerrufsbestimmungen\/#primaryimage","url":"https:\/\/rc-jetprint.de\/wp-content\/uploads\/2022\/05\/Logo_klein.png","contentUrl":"https:\/\/rc-jetprint.de\/wp-content\/uploads\/2022\/05\/Logo_klein.png","width":820,"height":615,"caption":"Logo"},{"@type":"BreadcrumbList","@id":"https:\/\/rc-jetprint.de\/de_de\/widerrufsbestimmungen\/#breadcrumb","itemListElement":[{"@type":"ListItem","position":1,"name":"Startseite","item":"https:\/\/rc-jetprint.de\/"},{"@type":"ListItem","position":2,"name":"Widerrufsbestimmungen"}]},{"@type":"WebSite","@id":"https:\/\/rc-jetprint.de\/#website","url":"https:\/\/rc-jetprint.de\/","name":"RC-Jetprint","description":"3D-prints of the next generation","publisher":{"@id":"https:\/\/rc-jetprint.de\/#organization"},"potentialAction":[{"@type":"SearchAction","target":{"@type":"EntryPoint","urlTemplate":"https:\/\/rc-jetprint.de\/?s={search_term_string}"},"query-input":{"@type":"PropertyValueSpecification","valueRequired":true,"valueName":"search_term_string"}}],"inLanguage":"en-US"},{"@type":"Organization","@id":"https:\/\/rc-jetprint.de\/#organization","name":"RC-Jetprint","url":"https:\/\/rc-jetprint.de\/","logo":{"@type":"ImageObject","inLanguage":"en-US","@id":"https:\/\/rc-jetprint.de\/#\/schema\/logo\/image\/","url":"https:\/\/rc-jetprint.de\/wp-content\/uploads\/2022\/05\/RC-Jetprint_Favicon.jpg","contentUrl":"https:\/\/rc-jetprint.de\/wp-content\/uploads\/2022\/05\/RC-Jetprint_Favicon.jpg","width":512,"height":457,"caption":"RC-Jetprint"},"image":{"@id":"https:\/\/rc-jetprint.de\/#\/schema\/logo\/image\/"}}]}},"_links":{"self":[{"href":"https:\/\/rc-jetprint.de\/en\/wp-json\/wp\/v2\/pages\/2411","targetHints":{"allow":["GET"]}}],"collection":[{"href":"https:\/\/rc-jetprint.de\/en\/wp-json\/wp\/v2\/pages"}],"about":[{"href":"https:\/\/rc-jetprint.de\/en\/wp-json\/wp\/v2\/types\/page"}],"author":[{"embeddable":true,"href":"https:\/\/rc-jetprint.de\/en\/wp-json\/wp\/v2\/users\/1"}],"replies":[{"embeddable":true,"href":"https:\/\/rc-jetprint.de\/en\/wp-json\/wp\/v2\/comments?post=2411"}],"version-history":[{"count":49,"href":"https:\/\/rc-jetprint.de\/en\/wp-json\/wp\/v2\/pages\/2411\/revisions"}],"predecessor-version":[{"id":6720,"href":"https:\/\/rc-jetprint.de\/en\/wp-json\/wp\/v2\/pages\/2411\/revisions\/6720"}],"wp:featuredmedia":[{"embeddable":true,"href":"https:\/\/rc-jetprint.de\/en\/wp-json\/wp\/v2\/media\/681"}],"wp:attachment":[{"href":"https:\/\/rc-jetprint.de\/en\/wp-json\/wp\/v2\/media?parent=2411"}],"curies":[{"name":"wp","href":"https:\/\/api.w.org\/{rel}","templated":true}]}}